{"id":629,"date":"2018-08-26T18:04:16","date_gmt":"2018-08-26T16:04:16","guid":{"rendered":"https:\/\/www.tres.fi\/?page_id=629"},"modified":"2018-08-26T18:07:11","modified_gmt":"2018-08-26T16:07:11","slug":"tukirahasto","status":"publish","type":"page","link":"https:\/\/www.tres.fi\/?page_id=629","title":{"rendered":"Tukirahasto"},"content":{"rendered":"<h3><strong><em>TAMPEREEN RESERVIL\u00c4ISET RY:N TUKIRAHASTO<\/em><\/strong><\/h3>\n<p><em>Rahaston tarkoituksena on lis\u00e4t\u00e4 yhdistyksemme toimintaedellytyksi\u00e4. Tavoitteidensa toteuttamiseksi yhdistys tarvitsee varoja j\u00e4senten toimintaa ja tarvittavia hankintoja varten. <\/em><\/p>\n<p><em>Tampereen Reservil\u00e4iset ry:n Tukirahastoa hoitaa yhdistyksen hallitus ja rahasto on osa yhdistyksen tilinpitoa. <\/em><\/p>\n<p><em>Anna Sin\u00e4kin tukesi is\u00e4nmaalliseen ja valtakunnan turvallisuutta edist\u00e4v\u00e4\u00e4n toimintaan. Is\u00e4nmaalliset yst\u00e4v\u00e4t ja yritykset ovat my\u00f6s tervetulleita osallistumaan yhteiseen hankkeeseen. Esimerkiksi merkkip\u00e4iv\u00e4muistamiset voi ohjata tukirahaston tilille.<\/em><\/p>\n<p><em>Myymme Tukirahaston kartuttamiseksi alkuper\u00e4isi\u00e4 vuodelta 1951 per\u00e4isin olevia Marskin merkkej\u00e4 15 euron kappalehintaan tai kotiin postitettuna yhteens\u00e4 18 euroa. Merkit on yhdistykselle lahjoittanut kunniaj\u00e4sen Tero Ahtee. Merkkej\u00e4 voi ostaa toimistolta. <\/em><\/p>\n<p><em>Tehd\u00e4\u00e4n yhdess\u00e4 lahjoitus! Annetaan kukin itse sopivaksi katsomamme summa tilille FI87 2046 1800 1369 05 viitenumerolla 5005. <\/em><\/p>\n<p>&nbsp;<\/p>\n<h4><strong>S\u00c4\u00c4NN\u00d6T<\/strong><\/h4>\n<ol>\n<li><strong>Tukirahaston nimi ja kotipaikka<\/strong><\/li>\n<\/ol>\n<p style=\"padding-left: 30px;\">Tukirahaston nimi on Tampereen Reservil\u00e4iset ry:n Tukirahasto (my\u00f6hemmin rahasto) ja sen kotipaikka on Tampereen kaupunki. Rahasto on itsen\u00e4inen toimielin eik\u00e4 sellaisenaan sis\u00e4lly Tampereen Reservil\u00e4iset ry:n toimintaan tai varallisuuteen.<\/p>\n<p><strong>\u00a0<\/strong><\/p>\n<ol start=\"2\">\n<li><strong>S\u00e4\u00e4nt\u00f6jen hyv\u00e4ksyminen<\/strong><\/li>\n<\/ol>\n<p style=\"padding-left: 30px;\">Tukirahaston s\u00e4\u00e4nn\u00f6t hyv\u00e4ksyy Tampereen Reservil\u00e4iset ry:n vuosikokous.<\/p>\n<p>&nbsp;<\/p>\n<ol start=\"3\">\n<li><strong>Tukirahaston tarkoitus ja teht\u00e4v\u00e4<\/strong><\/li>\n<\/ol>\n<p style=\"padding-left: 30px;\">Tukirahaston tarkoitus on lis\u00e4t\u00e4 yhdistyksen ja sen j\u00e4senten hyvinvointia, maanpuolustustaitoja sek\u00e4 virikkeellisyytt\u00e4. Rahaston toimintaperiaatteena on yleishy\u00f6dyllinen toiminta. Tukirahasto toimii Tampereen Reservil\u00e4iset ry:n tukena eik\u00e4 se ole rekister\u00f6ity yhdistys tai toimielin.<\/p>\n<p style=\"padding-left: 30px;\">Tarkoituksensa toteuttamiseksi Tukirahasto:<\/p>\n<ul>\n<li>osallistuu Tampereen Reservil\u00e4iset ry:n toiminnan taloudelliseen tukemiseen ja yll\u00e4pit\u00e4miseen.<\/li>\n<li>toiminnalla ei tavoitella voittoa, vaan Tukirahaston tuotto ohjataan rahaston tarkoituksen mukaiseen toimintaan. Tuotolla voidaan my\u00f6s kartuttaa rahaston p\u00e4\u00e4omaa. Rahaston p\u00e4\u00e4oma tulee olla sijoitettuna tuottavasti ja turvaavasti.<\/li>\n<li>Rahaston p\u00e4\u00e4omasta voidaan vuosittain jakaa avustusta yll\u00e4 mainittuihin tarkoituksiin. Jaettava summa voi olla enint\u00e4\u00e4n 10 % rahaston edellisen vuodenvaihteen p\u00e4\u00e4omasta, ei kuitenkaan koskaan enemp\u00e4\u00e4 kuin rahaston edellisen vuoden tuotto on ollut.<\/li>\n<\/ul>\n<p style=\"padding-left: 30px;\">Toimintansa tukemiseksi Tukirahasto voi:<\/p>\n<ul>\n<li>omistaa toimintaansa varten tarpeellista irtainta ja kiinte\u00e4\u00e4 omaisuutta<\/li>\n<li>j\u00e4rjest\u00e4\u00e4 arpajaisia, myyj\u00e4isi\u00e4 ja ker\u00e4yksi\u00e4<\/li>\n<li>harjoittaa pienimuotoista julkaisutoimintaa ja kioskitoimintaa<\/li>\n<li>vastaanottaa lahjoituksia ja testamentteja sek\u00e4 perustaa toimintaansa tukevia rahastoja. Rahastolla on oikeus realisoida saamansa lahjoitukset.<\/li>\n<li>Rahastolla on oikeus s\u00e4\u00e4nt\u00f6jens\u00e4 mukaisesti hallinnoida kaikkea sille osoitettua omaisuutta, vaikka omaisuus on virallisesti Tampereen Reservil\u00e4iset ry:n omaisuutta.<\/li>\n<\/ul>\n<p>&nbsp;<\/p>\n<ol start=\"4\">\n<li><strong>J\u00e4senist\u00f6<\/strong><\/li>\n<\/ol>\n<p style=\"padding-left: 30px;\">Rahastolla ei ole henkil\u00f6j\u00e4seni\u00e4 eik\u00e4 n\u00e4in ollen j\u00e4senmaksuja.<\/p>\n<p>&nbsp;<\/p>\n<ol start=\"5\">\n<li><strong>Tukirahaston tilikausi ja hallinnointi<\/strong><\/li>\n<\/ol>\n<p style=\"padding-left: 30px;\">Rahaston asioita hoitaa Tampereen Reservil\u00e4iset ry:n kulloinenkin hallitus, johon kuuluvat yhdistyksen s\u00e4\u00e4nn\u00f6iss\u00e4 m\u00e4\u00e4r\u00e4tyt ja kulloiseenkin hallitukseen valituiksi tulleet henkil\u00f6t. Yhdess\u00e4 he muodostavat siten my\u00f6s rahaston hallituksen, joka my\u00f6s p\u00e4\u00e4tt\u00e4\u00e4 rahaston varojen k\u00e4yt\u00f6st\u00e4. Rahaston omaisuutta seurataan Tampereen Reservil\u00e4iset ry:n taseessa.<\/p>\n<p style=\"padding-left: 30px;\">Rahaston toimikausi on kalenterivuosi. Rahaston hallitus kokoontuu v\u00e4hint\u00e4\u00e4n kerran vuodessa. Samalla hallitus j\u00e4rjest\u00e4ytyy ja nime\u00e4\u00e4 rahaston tarvitsemat toimihenkil\u00f6t; puheenjohtajan, varapuheenjohtajan, sihteerin ja rahastonhoitajan.<\/p>\n<p>&nbsp;<\/p>\n<ol start=\"6\">\n<li><strong>Tukirahaston nimen kirjoittaminen<\/strong><\/li>\n<\/ol>\n<p style=\"padding-left: 30px;\">Rahaston nimen kirjoittavat Tampereen Reservil\u00e4iset ry:n puheenjohtaja, varapuheenjohtaja, Tampereen Reservil\u00e4iset ry:n sihteeri tai rahastonhoitaja, heist\u00e4 kaksi yhdess\u00e4.<\/p>\n<p>&nbsp;<\/p>\n<ol start=\"7\">\n<li><strong>Toiminnantarkastus<\/strong><\/li>\n<\/ol>\n<p style=\"padding-left: 30px;\">Rahaston toiminnan tarkastaa Tampereen Reservil\u00e4iset ry:n toiminnan- tai tilintarkastaja (t) yhdistyksen toiminnantarkastuksen yhteydess\u00e4. Toiminnan- tai tilintarkastuksessa noudatetaan Tampereen Reservil\u00e4iset ry:n s\u00e4\u00e4nn\u00f6iss\u00e4 m\u00e4\u00e4ritelty\u00e4 tarkastustapaa.<\/p>\n<p>&nbsp;<\/p>\n<ol start=\"8\">\n<li><strong>Tukirahaston s\u00e4\u00e4nt\u00f6jen muuttaminen ja rahaston purkaminen<\/strong><\/li>\n<\/ol>\n<p style=\"padding-left: 30px;\">P\u00e4\u00e4t\u00f6ksiin, jotka koskevat n\u00e4iden s\u00e4\u00e4nt\u00f6jen muuttamista ja rahaston lakkauttamista, vaaditaan v\u00e4hint\u00e4\u00e4n kolme nelj\u00e4sosaa (3\/4) yhdistyksen kokouksessa annetuista \u00e4\u00e4nist\u00e4.<\/p>\n<p style=\"padding-left: 30px;\">Rahaston purkautuessa rahaston varat k\u00e4ytet\u00e4\u00e4n Tampereen Reservil\u00e4iset ry:n toiminnan hyv\u00e4ksi.<\/p>\n<p>&nbsp;<\/p>\n<p>N\u00e4m\u00e4 s\u00e4\u00e4nn\u00f6t on hyv\u00e4ksytty Tampereen Reservil\u00e4iset ry:n kev\u00e4tkokouksessa 24.4.2018<\/p>\n","protected":false},"excerpt":{"rendered":"<p>TAMPEREEN RESERVIL\u00c4ISET RY:N TUKIRAHASTO Rahaston tarkoituksena on lis\u00e4t\u00e4 yhdistyksemme toimintaedellytyksi\u00e4. Tavoitteidensa toteuttamiseksi yhdistys tarvitsee varoja j\u00e4senten toimintaa ja tarvittavia hankintoja varten. Tampereen Reservil\u00e4iset ry:n Tukirahastoa hoitaa yhdistyksen hallitus ja rahasto on osa yhdistyksen tilinpitoa. Anna Sin\u00e4kin tukesi is\u00e4nmaalliseen ja valtakunnan<\/p>\n","protected":false},"author":1,"featured_media":0,"parent":55,"menu_order":0,"comment_status":"closed","ping_status":"closed","template":"","meta":{"footnotes":""},"class_list":["post-629","page","type-page","status-publish","hentry"],"_links":{"self":[{"href":"https:\/\/www.tres.fi\/index.php?rest_route=\/wp\/v2\/pages\/629","targetHints":{"allow":["GET"]}}],"collection":[{"href":"https:\/\/www.tres.fi\/index.php?rest_route=\/wp\/v2\/pages"}],"about":[{"href":"https:\/\/www.tres.fi\/index.php?rest_route=\/wp\/v2\/types\/page"}],"author":[{"embeddable":true,"href":"https:\/\/www.tres.fi\/index.php?rest_route=\/wp\/v2\/users\/1"}],"replies":[{"embeddable":true,"href":"https:\/\/www.tres.fi\/index.php?rest_route=%2Fwp%2Fv2%2Fcomments&post=629"}],"version-history":[{"count":5,"href":"https:\/\/www.tres.fi\/index.php?rest_route=\/wp\/v2\/pages\/629\/revisions"}],"predecessor-version":[{"id":634,"href":"https:\/\/www.tres.fi\/index.php?rest_route=\/wp\/v2\/pages\/629\/revisions\/634"}],"up":[{"embeddable":true,"href":"https:\/\/www.tres.fi\/index.php?rest_route=\/wp\/v2\/pages\/55"}],"wp:attachment":[{"href":"https:\/\/www.tres.fi\/index.php?rest_route=%2Fwp%2Fv2%2Fmedia&parent=629"}],"curies":[{"name":"wp","href":"https:\/\/api.w.org\/{rel}","templated":true}]}}