{"id":55,"date":"2017-08-05T15:56:56","date_gmt":"2017-08-05T13:56:56","guid":{"rendered":"https:\/\/www.tres.fi\/?page_id=55"},"modified":"2017-08-08T17:16:45","modified_gmt":"2017-08-08T15:16:45","slug":"yhdistys","status":"publish","type":"page","link":"https:\/\/www.tres.fi\/?page_id=55","title":{"rendered":"Yhdistys"},"content":{"rendered":"<h2>Yhdistyksen historian vaiheita<\/h2>\n<p><strong>11.10.1950<\/strong><br \/>\n<strong>\u00a0<\/strong><br \/>\nTampereen Reservialiupseerit r.y. perustettiin.<\/p>\n<p>&nbsp;<\/p>\n<p><strong>22.3.1951<\/strong><\/p>\n<p>Oikeusministeri\u00f6 hyv\u00e4ksyi yhdistyksen merkitt\u00e4v\u00e4ksi yhdistysrekisteriin.<\/p>\n<p>&nbsp;<\/p>\n<p><strong>1981<\/strong><\/p>\n<p>Toimintakertomus: Tampereen Reservialiupseerit ry:n toimesta otettiin neuvotteluyhteydet Aitolahden ja Teiskon Reservialiupseeriyhdistyksiin toimintojen aktivoimiseksi koko kaupungin alueella. Sen j\u00e4lkeen, kun edell\u00e4 mainitut yhdistykset on perustettu, Aitolahden ja Teiskon kunnat on liitetty Tampereen kaupunkiin. Omat toimintaedellytykset liitosalueilla todettiin v\u00e4h\u00e4isiksi. Ko. yhdistysten s\u00e4\u00e4nt\u00f6jen edellytt\u00e4m\u00e4ll\u00e4 tavalla pidettyjen kokousten p\u00e4\u00e4t\u00f6sten mukaan itsen\u00e4inen toiminta lopetetaan ja j\u00e4seni\u00e4 kehotetaan liittym\u00e4\u00e4n Tampereen Reservialiupseerit ry:n j\u00e4seniksi.<\/p>\n<p>&nbsp;<\/p>\n<p><strong>1983<\/strong><\/p>\n<p>TRAU:n osastot (ja toimikunnat ja jaokset) olivat:<br \/>\nampumatoimikunta<br \/>\njotosjaosto<br \/>\nmajatoimikunta<br \/>\nmeriosasto<br \/>\nnaisosasto<br \/>\npioneeriosasto<br \/>\nrautatieosasto<br \/>\nTampellan osasto<br \/>\nurheilutoimikunta<br \/>\nveteraaniosasto<br \/>\nviestiosasto<\/p>\n<p>&nbsp;<\/p>\n<p><strong>1.1.1985<\/strong><\/p>\n<p>Tampereen L\u00e4ntinen ja Tampereen It\u00e4inen sotilaspiiri yhdistettiin Tampereen sotilaspiiriksi.<\/p>\n<p>&nbsp;<\/p>\n<p><strong>1985<\/strong><\/p>\n<p>Satakunnan Lennosto siirtyi Pirkkalaan.<\/p>\n<p>&nbsp;<\/p>\n<p><strong>1987<\/strong><\/p>\n<p>Alettiin viett\u00e4\u00e4 kansallista veteraanip\u00e4iv\u00e4\u00e4 (27.04.).<\/p>\n<p>&nbsp;<\/p>\n<p><strong>4.6.1990<\/strong><\/p>\n<p>Valtakunnallinen paraati Tampereella, yli 2000 miest\u00e4 ja noin 200 ajoneuvoa.<\/p>\n<p>&nbsp;<\/p>\n<p><strong>1990<\/strong><\/p>\n<p>Suomen hallitus irtaantui Pariisin rauhansopimuksen sotilaallisista artikloista.<\/p>\n<p>&nbsp;<\/p>\n<p><strong>1991<\/strong><\/p>\n<p>Tammikuun puoliv\u00e4liss\u00e4 res. toimisto muutti Aleksanterinkadulta V\u00e4in\u00f6l\u00e4nkadulle.<\/p>\n<p>&nbsp;<\/p>\n<p><strong>24.3.1992<\/strong><\/p>\n<p>SatLstossa Pirkkalassa ensimm\u00e4inen vala.<\/p>\n<p>&nbsp;<\/p>\n<p><strong>8.-20.9.1992<\/strong><\/p>\n<p>Kansalaisen turvakurssi Kangasalla. Mp-koulutus alkoi Pohjois-H\u00e4meess\u00e4. Yli 40 kurssilaista (MPK).<\/p>\n<p>&nbsp;<\/p>\n<p><strong>31.12.1992<\/strong><\/p>\n<p>Tampereen Sotilaspiiri lopetettiin. H\u00e4meen sotilasl\u00e4\u00e4niss\u00e4 oli Tampereen sotilastoimisto 01.01.1993 alkaen.<\/p>\n<p>&nbsp;<\/p>\n<p><strong>1992<\/strong><\/p>\n<p>TRAU kellarivarasto &#8221;kanakoppi&#8221; kellariin valmistui syksyll\u00e4.<\/p>\n<p>&nbsp;<\/p>\n<p><strong>1993<\/strong><\/p>\n<p>S\u00e4\u00e4nt\u00f6muutos; korpraaleista ja ylimatruuseista &#8221;t\u00e4ysj\u00e4seni\u00e4&#8221; (mm. saivat virallisesti edustaa yhdistyst\u00e4 ampumakilpailujen joukkueissa).<\/p>\n<p>&nbsp;<\/p>\n<p><strong>1993<\/strong><\/p>\n<p>Sotilaallisen maanpuolustuksen aluejako muuttui; kolme maanpuolustusaluetta (Pohjoinen, L\u00e4ntinen ja It\u00e4inen).<\/p>\n<p>&nbsp;<\/p>\n<p><strong>1.1.1993<\/strong><\/p>\n<p>alkaen H\u00e4meen sotilasl\u00e4\u00e4niss\u00e4 oli Tampereen sotilastoimisto.<\/p>\n<p>&nbsp;<\/p>\n<p><strong>30.12.1993<\/strong><\/p>\n<p>hankittiin maja Matalaj\u00e4rvelt\u00e4. Sillanp\u00e4\u00e4-majan nimen ehdotti Eero Stenholm.<\/p>\n<p>&nbsp;<\/p>\n<p><strong>24.9.1994<\/strong><\/p>\n<p>SatLstossa 1. reservil\u00e4isp\u00e4iv\u00e4.<\/p>\n<p>&nbsp;<\/p>\n<p><strong>4.6.1995<\/strong><\/p>\n<p>Puolustusvoimien paraati Tampereella.<\/p>\n<p>&nbsp;<\/p>\n<p><strong>1995<\/strong><\/p>\n<p>Naisten vapaaehtoinen asepalvelus alkaa.<\/p>\n<p>&nbsp;<\/p>\n<p><strong>1995<\/strong><\/p>\n<p>S\u00e4\u00e4nt\u00f6muutos liiton syyskokouksessa Reservin Aliupseerien Liitto &#8211;&gt; Reservil\u00e4isliitto.<\/p>\n<p>&nbsp;<\/p>\n<p><strong>1995<\/strong><\/p>\n<p>TRAU:n naisosasto SNMJ:n vuoden malliosasto.<\/p>\n<p>&nbsp;<\/p>\n<p><strong>1995<\/strong><\/p>\n<p>Matalaj\u00e4rven tulet syyskuussa Sillanp\u00e4\u00e4-majalla.<\/p>\n<p>&nbsp;<\/p>\n<p><strong>7.11.1995<\/strong><\/p>\n<p>Ensimm\u00e4inen Hornet laskeutui Pirkkalaan.<\/p>\n<p>&nbsp;<\/p>\n<p><strong>10.10.1996<\/strong><\/p>\n<p>Yhdistyksen syyskokous p\u00e4\u00e4tti s\u00e4\u00e4nt\u00f6jen muuttamisesta.Yhdistyksen nimeksi muutettiin Tampereen Reservil\u00e4iset ry.<\/p>\n<p>&nbsp;<\/p>\n<p><strong>3.3.1997<\/strong><\/p>\n<p>perustettiin Tampereen PAT (muita ovat Pohjois-Tampereen PAT ja It\u00e4-Tampereen PAT 1997) (MPK).<\/p>\n<p>&nbsp;<\/p>\n<p><strong>22.9.1997<\/strong><\/p>\n<p>Tampereen Seudun Reservil\u00e4isnaiset p\u00e4\u00e4tti ottaa em. nimen ja liitty\u00e4 Reservil\u00e4isliittoon (aiemmin TRAU\/TRES:n Naisosasto).<\/p>\n<p>&nbsp;<\/p>\n<p><strong>1998<\/strong><\/p>\n<p>TRES:n j\u00e4sen ylikersantti Eero Stenholm valittiin Vuoden reservil\u00e4iseksi.<\/p>\n<p>&nbsp;<\/p>\n<p><strong>16.5.1998<\/strong><\/p>\n<p>Ensimm\u00e4inen kev\u00e4\u00e4n reservil\u00e4isp\u00e4iv\u00e4 SatLstossa (MPK).<\/p>\n<p>&nbsp;<\/p>\n<p><strong>2000<\/strong><\/p>\n<p>Kev\u00e4ttalvella saatiin toimistolle tietokone lahjoituksena.<\/p>\n<p>&nbsp;<\/p>\n<p><strong>2000<\/strong><\/p>\n<p>Noin 50 TRES:n j\u00e4sent\u00e4 osallistui vierailuille Satakunnan Lennostoon ja Patrian Vammalan tehtaalle.<\/p>\n<p>&nbsp;<\/p>\n<p><strong>2000<\/strong><\/p>\n<p>Sillanp\u00e4\u00e4 majan sauna kunnostettiin talkoilla. Majalle hankittiin n\u00e4yttelyesineeksi 105 mm haupitsi. Majalla pidettiin pilkkikilpailut kev\u00e4\u00e4ll\u00e4 ja ongintakilpailu kes\u00e4ll\u00e4, joissa osallistujia oli parikymment\u00e4 henkil\u00f6\u00e4.<\/p>\n<p>&nbsp;<\/p>\n<p><strong>8.8.2000<\/strong><\/p>\n<p>Tehtiin sopimus V\u00e4in\u00f6l\u00e4nkatu 2:n kellarin ostamisesta. Oli sit\u00e4 ennen vuokralla ja vuoden muussa omistuksessa.<\/p>\n<p>&nbsp;<\/p>\n<p><strong>11.10.2000<\/strong><\/p>\n<p>yhdistyksen 50-vuotisjuhlassa Tampereen kaupungin vastaanotolla oli l\u00e4sn\u00e4 350 henke\u00e4. Toinen 50-vuotisjuhla j\u00e4rjestettiin 6.12. hotelli Rosendahlissa.<\/p>\n<p>&nbsp;<\/p>\n<p><strong>2002<\/strong><\/p>\n<p>Osallistuttiin 19.2. vierailulle Kalkun kuljetusvarikolle, 4.5. ja 14.9. Reservil\u00e4isp\u00e4iviin Pirkkalassa, 16.5. vierailulle Satakunnan lennostoon, 5.-7.9. Turvallisuusmessuille Pirkkahallissa, 15.9. H\u00e4meen h\u00f6lk\u00e4n j\u00e4rjestelyihin ja 21.11. vierailulle Oriveden asevarikolle.<\/p>\n<p>&nbsp;<\/p>\n<p><strong>2002<\/strong><\/p>\n<p>Yhdistykseen liittyi 195 uutta j\u00e4sent\u00e4.<\/p>\n<p>&nbsp;<\/p>\n<p><strong>2003<\/strong><\/p>\n<p>Tampereen Reservil\u00e4isist\u00e4 tuli Reservil\u00e4isliiton suurin yhdistys ohittaen j\u00e4senm\u00e4\u00e4r\u00e4ss\u00e4 Helsingin Reservil\u00e4iset. Vuoden 2003 lopussa yhdistyksell\u00e4 oli 915 maksanutta j\u00e4sent\u00e4, joista 45 kannatusj\u00e4seni\u00e4.<\/p>\n<p>&nbsp;<\/p>\n<p><strong>12.11.2005<\/strong><\/p>\n<p>Reservil\u00e4isliiton 50-vuotistapahtumiin liittynyt maanpuolustusjuhla pidettiin Tampereen Yliopistolla.<\/p>\n<p>&nbsp;<\/p>\n<p><strong>16.11.2005<\/strong><\/p>\n<p>Tehtiin ostosmatka reservil\u00e4ismyym\u00e4l\u00e4 Etulinjaan H\u00e4meenlinnan Linnankasarmille.<\/p>\n<p>&nbsp;<\/p>\n<p><strong>2006<\/strong><\/p>\n<p>Otettiin k\u00e4ytt\u00f6\u00f6n TRES:n j\u00e4senten s\u00e4hk\u00f6postilista (yahoo-group), jolla tiedotetaan yhdistyksen tapahtumista.<\/p>\n<p>&nbsp;<\/p>\n<p><strong>15.2.2006<\/strong><\/p>\n<p>Vierailtiin Pirkanmaan Reservil\u00e4ispiirin retkell\u00e4 Panssarivarikolla ja 11.4.2006 Kalkun kuljetusvarikolla.<\/p>\n<p>&nbsp;<\/p>\n<p><strong>2006<\/strong><\/p>\n<p>loppuvuodesta k\u00e4ynnistyi henkil\u00f6st\u00f6n rekrytointi Pirkanmaan Maakuntakomppaniaan. Komppanian toiminta k\u00e4ynnistyi virallisesti 2.1.2008. Tulevien vuosien aikana useita kymmeni\u00e4 TRES:n j\u00e4seni\u00e4 osallistuu Maakuntakomppaniaan toimintaan siihen kuuluvana henkil\u00f6st\u00f6n\u00e4 ja my\u00f6s kouluttajina.<\/p>\n<p>&nbsp;<\/p>\n<p><strong>21.4.2007<\/strong><\/p>\n<p>Reservil\u00e4isliiton liittokokouksessa Rovaniemell\u00e4 Vuoden reservil\u00e4iseksi valittiin TRES:n j\u00e4sen sotm Tero Ahtee.<\/p>\n<p>&nbsp;<\/p>\n<p><strong>9.10.2007<\/strong><\/p>\n<p>J\u00e4rjestettiin tutustumisretki Satakunnan Lennostoon. Paikalla oli 57 henkil\u00f6\u00e4.<\/p>\n<p>&nbsp;<\/p>\n<p><strong>13.10.2007<\/strong><\/p>\n<p>Organisoitiin, talkoiltiin ja osallistuttiin Reservil\u00e4ispiirin 50-vuotisjuhlaan Sampolassa Tampereella.<\/p>\n<p>&nbsp;<\/p>\n<p><strong>1.1.2008<\/strong><\/p>\n<p>Puolustusvoimien organisaatiomuutos. Tampereelle Pirkanmaan Aluetoimisto.<\/p>\n<p>&nbsp;<\/p>\n<p><strong>2008<\/strong><\/p>\n<p>Hankittiin Sillanp\u00e4\u00e4-majalle ilmal\u00e4mp\u00f6pumppu.<\/p>\n<p>&nbsp;<\/p>\n<p><strong>15.5.2008<\/strong><\/p>\n<p>J\u00e4rjestettiin ampuma-aselupainfo Tampereen poliisilaitoksella. Paikalla oli 45 osanottajaa, joista 35 TRES:n j\u00e4seni\u00e4.<\/p>\n<p>&nbsp;<\/p>\n<p><strong>27.9.2008<\/strong><\/p>\n<p>Osallistuttiin reservil\u00e4ispiirien yhteiselle retkelle Puolustus- ja turvallisuusmessuille Lahdessa.<\/p>\n<p>&nbsp;<\/p>\n<p><strong>2009<\/strong><\/p>\n<p>Sillanp\u00e4\u00e4-majalla pidettiin kunnostustalkoilta ja muita tapahtumia. Majan s\u00e4hk\u00f6sopimus kilpailutettiin. Majan paloturvallisuutta parannettiin mm. jauhesammuttimien, poistumiskylttien, palovaroittimien ja muiden paloturvallisuustarvikkeiden hankinnalla ja asennuksella. Uusittiin majan lukot.<\/p>\n<p>&nbsp;<\/p>\n<p><strong>16.04.2009<\/strong><\/p>\n<p>J\u00e4rjestettiin Panssarisoittokunnan Panssarisoittokunnan 90 &#8211; vuotisjuhlakonsertti Mieskuoro Laulajat ry:n Laulumajalla. Paikalla oli 160 henke\u00e4.<\/p>\n<p>&nbsp;<\/p>\n<p><strong>14.5.2009<\/strong><\/p>\n<p>J\u00e4rjestettiin tutustuminen SATLSTO:n lentotukikohtaan ja lentokoneisiin. Osallistujia oli viitisenkymment\u00e4 henke\u00e4.<\/p>\n<p>&nbsp;<\/p>\n<p><strong>20.9.2009<\/strong><\/p>\n<p>Osallistuttiin Rauhan p\u00e4iv\u00e4n k\u00e4velyn j\u00e4rjestelyihin noin kymmenen j\u00e4senen voimin. Yhteens\u00e4 tapahtumassa oli noin 100 henkil\u00f6\u00e4.<\/p>\n<p>&nbsp;<\/p>\n<p><strong>21.11.2009<\/strong><\/p>\n<p>J\u00e4rjestettiin tutustumisretki Helsinki-Vantaan lentoasemalle. Matkalle osallistui 46 henkil\u00f6\u00e4.<\/p>\n<p>&nbsp;<\/p>\n<p><strong>2010<\/strong><\/p>\n<p>Hankittiin ja pystytettiin Sillanp\u00e4\u00e4-majalle grillikatos.<\/p>\n<p>&nbsp;<\/p>\n<p><strong>1.1.2010<\/strong><\/p>\n<p>alkaen Maanpuolustuskoulutusyhdistys organisoitui uudelleen. H\u00e4meen maanpuolustuspiirin Pirkanmaan koulutus- ja tukiyksik\u00f6n toimisto Tampereelle.<\/p>\n<p>&nbsp;<\/p>\n<p><strong>15.5.2010<\/strong><\/p>\n<p>J\u00e4rjestettiin vierailu Olkiluodon ydinvoimalaan. Matkan toisena kohteena oli Dynamokeskus Bonk -museo Uudessakaupungissa. Matkalle osallistui 46 henkil\u00f6\u00e4.<\/p>\n<p>&nbsp;<\/p>\n<p><strong>9.10.2010<\/strong><\/p>\n<p>Yhdistyksen 60-vuotisjuhlassa Reservil\u00e4istoimistolla oli l\u00e4sn\u00e4 noin 140 henkil\u00f6\u00e4.<\/p>\n<p>&nbsp;<\/p>\n<p><strong>16.10.2010<\/strong><\/p>\n<p>Yhdistyksen 60-vuotisjuhlassa Tampereen Raatihuoneella oli l\u00e4sn\u00e4 noin 500 henkil\u00f6\u00e4. Tapahtuman is\u00e4nt\u00e4n\u00e4 toimi Tampereen pormestari Timo P. Nieminen. Paikalla olivat my\u00f6s Reservil\u00e4isliiton johtohenkil\u00f6t.<\/p>\n<p>&nbsp;<\/p>\n<p><strong>17.11.2010<\/strong><\/p>\n<p>J\u00e4rjestettiin vierailu Poliisiammattikorkeakoululle 17.11. Osallistujia oli 26 henkil\u00f6\u00e4.<\/p>\n<p>&nbsp;<\/p>\n<p><strong>2011<\/strong><\/p>\n<p>Tehtiin useita puidenkaato- ja polttopuutalkoita Sillanp\u00e4\u00e4-majalla.<\/p>\n<p>&nbsp;<\/p>\n<p><strong>21.-23.1.2011<\/strong><\/p>\n<p>MPK:n Talvitaidot-kurssi Pirkkalassa. L\u00e4hes 20 TRES:n j\u00e4sent\u00e4 kouluttajina ja osallistujina.<\/p>\n<p>&nbsp;<\/p>\n<p><strong>13.3.2011<\/strong><\/p>\n<p>J\u00e4rjestettiin Talvirieha Sillanp\u00e4\u00e4-majalla yhteisty\u00f6ss\u00e4 Tampereen Seudun Reservil\u00e4isnaiset ry:n kanssa. Osallistujia oli noin 45.<\/p>\n<p>&nbsp;<\/p>\n<p><strong>23.7.2011<\/strong><\/p>\n<p>Reservil\u00e4isurheiluliiton palvelusaseiden SM-kilpailut j\u00e4rjestettiin Satakunnan Lennoston ampumaradalla. TRES:n j\u00e4seni\u00e4 oli runsaasti paikalla sek\u00e4 avustajina ja osanottajina. Yhteens\u00e4 kilpailijoita oli 92 henke\u00e4.<\/p>\n<p>&nbsp;<\/p>\n<p><strong>25.8.2011<\/strong><\/p>\n<p>J\u00e4rjestettiin Pirkanmaan poliisilaitoksen Tampereen p\u00e4\u00e4poliisiaseman auditoriossa tiedotustilaisuus uudistuneesta ampuma-aselaista. Osanottajia oli yhteens\u00e4 56. Esitelm\u00f6itsij\u00f6in\u00e4 toimivat poliisilaitoksen edustajat.<\/p>\n<p>&nbsp;<\/p>\n<p><strong>3.9.2011<\/strong><\/p>\n<p>Osallistuttiin XXXVIII H\u00e4meen H\u00f6lk\u00e4n j\u00e4rjestelyihin. Kilpailjoita oli kaikkiaan 174.<\/p>\n<p>&nbsp;<\/p>\n<p><strong>6.12.2011<\/strong><\/p>\n<p>Osallistuttiin puolustusvoimien valtakunnalliseen itsen\u00e4isyysp\u00e4iv\u00e4n paraatiin Tampereella mm. lipunkantajina. Paraatijoukon kokonaisvahvuus oli noin 1100 henkil\u00f6\u00e4 ja 60 ajoneuvoa.<\/p>\n<p>&nbsp;<\/p>\n<p>&nbsp;<\/p>\n","protected":false},"excerpt":{"rendered":"<p>Yhdistyksen historian vaiheita 11.10.1950 \u00a0 Tampereen Reservialiupseerit r.y. perustettiin. &nbsp; 22.3.1951 Oikeusministeri\u00f6 hyv\u00e4ksyi yhdistyksen merkitt\u00e4v\u00e4ksi yhdistysrekisteriin. &nbsp; 1981 Toimintakertomus: Tampereen Reservialiupseerit ry:n toimesta otettiin neuvotteluyhteydet Aitolahden ja Teiskon Reservialiupseeriyhdistyksiin toimintojen aktivoimiseksi koko kaupungin alueella. Sen j\u00e4lkeen, kun edell\u00e4 mainitut yhdistykset<\/p>\n","protected":false},"author":1,"featured_media":0,"parent":0,"menu_order":0,"comment_status":"closed","ping_status":"closed","template":"","meta":{"footnotes":""},"class_list":["post-55","page","type-page","status-publish","hentry"],"_links":{"self":[{"href":"https:\/\/www.tres.fi\/index.php?rest_route=\/wp\/v2\/pages\/55","targetHints":{"allow":["GET"]}}],"collection":[{"href":"https:\/\/www.tres.fi\/index.php?rest_route=\/wp\/v2\/pages"}],"about":[{"href":"https:\/\/www.tres.fi\/index.php?rest_route=\/wp\/v2\/types\/page"}],"author":[{"embeddable":true,"href":"https:\/\/www.tres.fi\/index.php?rest_route=\/wp\/v2\/users\/1"}],"replies":[{"embeddable":true,"href":"https:\/\/www.tres.fi\/index.php?rest_route=%2Fwp%2Fv2%2Fcomments&post=55"}],"version-history":[{"count":3,"href":"https:\/\/www.tres.fi\/index.php?rest_route=\/wp\/v2\/pages\/55\/revisions"}],"predecessor-version":[{"id":142,"href":"https:\/\/www.tres.fi\/index.php?rest_route=\/wp\/v2\/pages\/55\/revisions\/142"}],"wp:attachment":[{"href":"https:\/\/www.tres.fi\/index.php?rest_route=%2Fwp%2Fv2%2Fmedia&parent=55"}],"curies":[{"name":"wp","href":"https:\/\/api.w.org\/{rel}","templated":true}]}}