{"id":2220,"date":"2025-12-23T23:24:44","date_gmt":"2025-12-23T21:24:44","guid":{"rendered":"https:\/\/www.tres.fi\/?page_id=2220"},"modified":"2025-12-23T23:32:09","modified_gmt":"2025-12-23T21:32:09","slug":"mika-drooni-minulle","status":"publish","type":"page","link":"https:\/\/www.tres.fi\/?page_id=2220","title":{"rendered":"Mik\u00e4 drooni minulle?"},"content":{"rendered":"<p>Niin kuin droonityyppej\u00e4 oli erilaisia, niin on my\u00f6s niiden k\u00e4ytt\u00f6tarkoituksia.<\/p>\n<p>Kun l\u00e4hdet valitsemaan ensimm\u00e4ist\u00e4 drooniasi, ota hetki aikaa ja mieti:<\/p>\n<ul>\n<li>mit\u00e4 tarkoitusta varten olet hankkimassa sen<\/li>\n<li>mik\u00e4 on budjettisi<\/li>\n<li>mit\u00e4 ominaisuuksia haluat droonisassi olevan<\/li>\n<li>kuinka paljon vaivaa haluat itse n\u00e4hd\u00e4.<\/li>\n<\/ul>\n<p>P\u00e4\u00e4asiassa valmiit kopteripaketit ovat hyvi\u00e4 aloittelijalle. Suurin osa niist\u00e4 on suljettuja j\u00e4rjestelmi\u00e4, esim. DJI, joita et p\u00e4\u00e4se muokkaamaan ilman syv\u00e4n p\u00e4\u00e4n osaamista ja valmistajan takuun menetyst\u00e4.<\/p>\n<p>Jos p\u00e4\u00e4dyt suljettuun j\u00e4rjestelm\u00e4\u00e4n, niin huomioi, ett\u00e4 vain kyseisen valmistajan tuotteet sopivat kesken\u00e4\u00e4n yhteen. Lis\u00e4ksi usein tarvitset valmistajan oman sovelluksen puhelimeen, jolla voit p\u00e4ivitt\u00e4\u00e4 ja muuttaa asetuksia. Valitsemalla valmiin paketin, p\u00e4\u00e4set helpolla ja vain taivas (120 metri\u00e4) on rajana (n\u00e4k\u00f6yhteydell\u00e4).<\/p>\n<p>Avoimen l\u00e4hdekoodin droonit\/ itse rakennetut<\/p>\n<p>Avoimen l\u00e4hdekoodin koptereita saa my\u00f6s valmiina paketteina, jotka ovat valmiita k\u00e4ytt\u00f6\u00f6n ilman asetuksien erillist\u00e4 m\u00e4\u00e4ritt\u00e4mist\u00e4. Mutta, ilman omaa \u201dkonffausta\u201d, osa kopterin ominaisuuksista voi j\u00e4\u00e4d\u00e4 kokonaan k\u00e4ytt\u00e4m\u00e4tt\u00e4, esim. monissa on rate\/air -moodi kokonaan pois p\u00e4\u00e4lt\u00e4.<\/p>\n<p>Avoimen l\u00e4hdekoodin drooni taas voi sopia yhteen monenkin eri valmistajan tuotteiden kanssa. Huomiona se, ett\u00e4 tekniikan tulee olla samaa esim. ELRS-protokolla tulee l\u00f6yty\u00e4 sek\u00e4 droonista, ett\u00e4 radio-ohjaimesta. T\u00e4m\u00e4 ilmoitetaan yleens\u00e4 tuotteen nimess\u00e4.<\/p>\n<p>Lis\u00e4ksi FPV droonissa tulee mietti\u00e4, onko videolinkki analoginen vai digitaalinen. Analoginen on edullisempi ja paljon varmemmin saatavilla, mutta altis h\u00e4iri\u00f6ille. Digitaalinen taas antaa parempaa kuvanlaatua, mutta on kallis. Digitaalisessa videolinkiss\u00e4 ei tule niink\u00e4\u00e4n h\u00e4iri\u00f6it\u00e4, mutta kuvassa voi esiinty\u00e4 viivett\u00e4, joka tarkoittaa sit\u00e4, ett\u00e4 kopterisi saattaa olla jo puussa ja tied\u00e4t siit\u00e4 vasta sekunnin p\u00e4\u00e4st\u00e4.<\/p>\n<p>Analoginen ja digitaalinen videolinkki toimivat samalla taajuusalueella, mutta niiden signaalirakenne ja modulointitapa ovat erilaiset ja siksi tarvitset yhteensopivan videovastaanottimen eli esimerkiksi videolasit.<\/p>\n<p>Radio-ohjaimen, itse droonin ja FPV-videolasien lis\u00e4ksi tietysti tarvitset akut ja akuille akkulaturin.<\/p>\n<p>Akkujen koko riippuu droonin koosta ja halutusta lentoajasta.<br \/>\nPieni akku on tietysti edullisempi, mutta lentoaika on lyhyempi. Isompi akku takaa pidemp\u00e4\u00e4n tehoa, mutta koon ja painonsa puolesta lentotutuma ei ole yht\u00e4 sulava. Suosittelemme akuille my\u00f6s s\u00e4ilytyspussia.<\/p>\n<p>Lis\u00e4ksi saatat haluta lis\u00e4ominaisuuksia, esimerkiksi propellisuojat. N\u00e4it\u00e4 on tarjolla eri valmistajilla, mutta taas pit\u00e4\u00e4 huomioida, kuinka yhteensopivia n\u00e4m\u00e4 ovat droonin runkoon. Ja mik\u00e4li jotain ei l\u00f6ydy, sen voi suunnitella itse ja printata 3D -tulostimella.<\/p>\n<p>Jos olet joskus ollut ostamassa Moccamasteria, niin samanlainen tilanne voi tulla eteesi droonia valitessasi, kun yksi haluamasi ominaisuus l\u00f6ytyy yhdest\u00e4 mallista, mutta toinen ominaisuus toisesta.<\/p>\n<p>Yksi kattavimmista resursseista on Oscar Liangin pit\u00e4m\u00e4 blogi. Jos olet tuskaillut jonkun asian kanssa, 80 % varmuudella vastaus l\u00f6ytyy h\u00e4nelt\u00e4: <a href=\"https:\/\/oscarliang.com\/fpv-drone-guide\/\">https:\/\/oscarliang.com\/fpv-drone-guide\/<\/a><\/p>\n","protected":false},"excerpt":{"rendered":"<p>Niin kuin droonityyppej\u00e4 oli erilaisia, niin on my\u00f6s niiden k\u00e4ytt\u00f6tarkoituksia. Kun l\u00e4hdet valitsemaan ensimm\u00e4ist\u00e4 drooniasi, ota hetki aikaa ja mieti: mit\u00e4 tarkoitusta varten olet hankkimassa sen mik\u00e4 on budjettisi mit\u00e4 ominaisuuksia haluat droonisassi olevan kuinka paljon vaivaa haluat itse n\u00e4hd\u00e4.<\/p>\n","protected":false},"author":9,"featured_media":0,"parent":1901,"menu_order":3,"comment_status":"closed","ping_status":"closed","template":"","meta":{"footnotes":""},"class_list":["post-2220","page","type-page","status-publish","hentry"],"_links":{"self":[{"href":"https:\/\/www.tres.fi\/index.php?rest_route=\/wp\/v2\/pages\/2220","targetHints":{"allow":["GET"]}}],"collection":[{"href":"https:\/\/www.tres.fi\/index.php?rest_route=\/wp\/v2\/pages"}],"about":[{"href":"https:\/\/www.tres.fi\/index.php?rest_route=\/wp\/v2\/types\/page"}],"author":[{"embeddable":true,"href":"https:\/\/www.tres.fi\/index.php?rest_route=\/wp\/v2\/users\/9"}],"replies":[{"embeddable":true,"href":"https:\/\/www.tres.fi\/index.php?rest_route=%2Fwp%2Fv2%2Fcomments&post=2220"}],"version-history":[{"count":1,"href":"https:\/\/www.tres.fi\/index.php?rest_route=\/wp\/v2\/pages\/2220\/revisions"}],"predecessor-version":[{"id":2221,"href":"https:\/\/www.tres.fi\/index.php?rest_route=\/wp\/v2\/pages\/2220\/revisions\/2221"}],"up":[{"embeddable":true,"href":"https:\/\/www.tres.fi\/index.php?rest_route=\/wp\/v2\/pages\/1901"}],"wp:attachment":[{"href":"https:\/\/www.tres.fi\/index.php?rest_route=%2Fwp%2Fv2%2Fmedia&parent=2220"}],"curies":[{"name":"wp","href":"https:\/\/api.w.org\/{rel}","templated":true}]}}