{"id":2217,"date":"2025-12-23T23:23:07","date_gmt":"2025-12-23T21:23:07","guid":{"rendered":"https:\/\/www.tres.fi\/?page_id=2217"},"modified":"2025-12-23T23:32:00","modified_gmt":"2025-12-23T21:32:00","slug":"droonit-harrastuksena-ja-harrastuksen-aloitus","status":"publish","type":"page","link":"https:\/\/www.tres.fi\/?page_id=2217","title":{"rendered":"Droonit harrastuksena ja harrastuksen aloitus"},"content":{"rendered":"<p>Harrastuksena drooni on lupaavan monipuolinen. Se sopii kaikille tekniikasta kiinnostuneille, valokuvaajille\/videontekij\u00f6ille, kilpailuhenkisille, nuorille sek\u00e4 aikuisille.<br \/>\nTavoitteita voi olla monia, haluatko esimerkiksi tutkia tai kuvata kotiseutuasi ilmasta, osallistua eritt\u00e4in vauhdikkaaseen kilpailuskeneen, harjoitella VaPePaa varten vai aloittaa muuten vain uuden taitoa vaativan harrastuksen.<br \/>\nEtk\u00f6 nauti ulkoilmasta? Voit valita Whoopin, jolla mahtuu p\u00f6rr\u00e4\u00e4m\u00e4\u00e4n hyvin sis\u00e4ll\u00e4kin. Haluatko rakentaa kopterin itse? Onnistuu, kaiken voi tehd\u00e4 itse ja laiteohjelmisto on my\u00f6s avointa l\u00e4hdekoodia, mik\u00e4li kolvaus ei riit\u00e4. Et jaksa perehty\u00e4 kaiken maailman \u201dkonffauksiin\u201d? Kaupasta saa valmiin todella suorituskykyisen paketin.<\/p>\n<p>Kaikkia harrastukseen aikovia kuitenkin yhdist\u00e4\u00e4 samat perusteet. Lenn\u00e4tyksen opettelu sek\u00e4 <strong>s\u00e4\u00e4ntely<\/strong>.<\/p>\n<p>Lenn\u00e4tyksen opettelun ja harjoittelun voi aloittaa jo ennen droonin ostamista tai rekister\u00f6itymist\u00e4. T\u00e4h\u00e4n tarvitset ohjaimen ja simulaattorin sek\u00e4 tarpeeksi suorituskykyisen koneen, joka jaksaa py\u00f6ritt\u00e4\u00e4 ohjelmaa.<\/p>\n<p>Kevyin simulaattori on FlowState, jonka saa ilmaiseksi Steamista.<br \/>\nOsastolla on k\u00e4yt\u00f6ss\u00e4 my\u00f6s VelociDrone, joka todettu hyv\u00e4ksi alustaksi harjoitteluun. Mobiiliversioita tarjoaa FPV.Skydive ja DJI, j\u00e4lkimm\u00e4inen toimii vain valmistajan omalla ohjaimella.<\/p>\n<p>Painotamme simulaattoriharjoittelua siksi, ett\u00e4 siin\u00e4 opit lihasmuistia, lenn\u00e4tyksen perusteita ja harrastus tulee huomattavasti edullisemmaksi, kun kopterisi ei tuhoudu heti ensimm\u00e4isen\u00e4 p\u00e4iv\u00e4n\u00e4.<\/p>\n<p>Suosittelemme, ett\u00e4 hankit samanlaisen ohjaimen, jota tulisit k\u00e4ytt\u00e4m\u00e4\u00e4n drooninkin kanssa. Esimerkiksi osastolla on k\u00e4yt\u00f6ss\u00e4 Radiomasterin Pocketeja, jotka ovat edullisia ja hyvi\u00e4 aloittelijaohjaimia.<br \/>\nMik\u00e4li sinulta l\u00f6ytyy jo jokin konsoliohjain, voit p\u00e4\u00e4st\u00e4 alkuun, mutta toisin kuin oikean radio-ohjaimen, peliohjaimen sensorit eiv\u00e4t ole yht\u00e4 tarkat ja saatat joutua aloittamaan harjoittelun uudelleen oikean ohjaimen kanssa.<\/p>\n<p>Lis\u00e4ksi nyky\u00e4\u00e4n on pelk\u00e4st\u00e4\u00e4n simulaattoria varten valmistettuja ohjaimia, jotka ovat todella edullisia.<\/p>\n<p>&nbsp;<\/p>\n<p>S\u00e4\u00e4ntelyst\u00e4<\/p>\n<p>Jos et lenn\u00e4t\u00e4 Puolustusvoimien m\u00e4\u00e4r\u00e4yksest\u00e4 tai jonkun muun sen tyyppisen toimitsijan m\u00e4\u00e4r\u00e4yksest\u00e4, lenn\u00e4t todenn\u00e4k\u00f6isimmin siviili-ilmailulain puitteissa. Jotta voit lent\u00e4\u00e4 omalla tai toisen droonilla (jossa on kamera ja\/tai se painaa yli 250 g), sinun tulee rekister\u00f6ity\u00e4 operaattoriksi, eli droonin omistajaksi ja sen lis\u00e4ksi suorittaa kauko-ohjaajan A1\/A3 -verkkoteoriakoe, joka vaaditaan kaikilta lent\u00e4jilt\u00e4.<\/p>\n<p>Rekister\u00f6ityminen, koe, sen materiaali ja muuta hy\u00f6dyllist\u00e4 tietoa l\u00f6ytyy Traficomin yll\u00e4pit\u00e4m\u00e4lt\u00e4 sivulta: <a href=\"https:\/\/droneinfo.fi\/fi\">https:\/\/droneinfo.fi\/fi<\/a><\/p>\n<p>Maailmantilanteen vuoksi ja oman harrastuksesi jatkuvuuden vuoksi materiaali kannattaa omaksua my\u00f6s kokeen j\u00e4lkeiseen aikaan.<\/p>\n","protected":false},"excerpt":{"rendered":"<p>Harrastuksena drooni on lupaavan monipuolinen. Se sopii kaikille tekniikasta kiinnostuneille, valokuvaajille\/videontekij\u00f6ille, kilpailuhenkisille, nuorille sek\u00e4 aikuisille. Tavoitteita voi olla monia, haluatko esimerkiksi tutkia tai kuvata kotiseutuasi ilmasta, osallistua eritt\u00e4in vauhdikkaaseen kilpailuskeneen, harjoitella VaPePaa varten vai aloittaa muuten vain uuden taitoa vaativan<\/p>\n","protected":false},"author":9,"featured_media":0,"parent":1901,"menu_order":2,"comment_status":"closed","ping_status":"closed","template":"","meta":{"footnotes":""},"class_list":["post-2217","page","type-page","status-publish","hentry"],"_links":{"self":[{"href":"https:\/\/www.tres.fi\/index.php?rest_route=\/wp\/v2\/pages\/2217","targetHints":{"allow":["GET"]}}],"collection":[{"href":"https:\/\/www.tres.fi\/index.php?rest_route=\/wp\/v2\/pages"}],"about":[{"href":"https:\/\/www.tres.fi\/index.php?rest_route=\/wp\/v2\/types\/page"}],"author":[{"embeddable":true,"href":"https:\/\/www.tres.fi\/index.php?rest_route=\/wp\/v2\/users\/9"}],"replies":[{"embeddable":true,"href":"https:\/\/www.tres.fi\/index.php?rest_route=%2Fwp%2Fv2%2Fcomments&post=2217"}],"version-history":[{"count":1,"href":"https:\/\/www.tres.fi\/index.php?rest_route=\/wp\/v2\/pages\/2217\/revisions"}],"predecessor-version":[{"id":2218,"href":"https:\/\/www.tres.fi\/index.php?rest_route=\/wp\/v2\/pages\/2217\/revisions\/2218"}],"up":[{"embeddable":true,"href":"https:\/\/www.tres.fi\/index.php?rest_route=\/wp\/v2\/pages\/1901"}],"wp:attachment":[{"href":"https:\/\/www.tres.fi\/index.php?rest_route=%2Fwp%2Fv2%2Fmedia&parent=2217"}],"curies":[{"name":"wp","href":"https:\/\/api.w.org\/{rel}","templated":true}]}}