{"id":2175,"date":"2025-12-02T13:42:22","date_gmt":"2025-12-02T11:42:22","guid":{"rendered":"https:\/\/www.tres.fi\/?page_id=2175"},"modified":"2025-12-23T23:31:34","modified_gmt":"2025-12-23T21:31:34","slug":"testi","status":"publish","type":"page","link":"https:\/\/www.tres.fi\/?page_id=2175","title":{"rendered":"Johdanto drooneihin"},"content":{"rendered":"<p>Mik\u00e4 on drooni? Periaatteessa kaikki miehitt\u00e4m\u00e4tt\u00f6m\u00e4t alukset, niin maa- kuin ilma-aluksetkin, ovat drooneja. Englanniksi puhutaan my\u00f6s unmanned vehicle (UxV), lyhenne UAV (Unmanned Aerial Vehicle) tulee varmasti vastaan mediassa. Lis\u00e4ksi puhutaan my\u00f6s UAS (Unmanned Aerial System) termill\u00e4, joka kattaa droonin lis\u00e4ksi sen hallintalaitteet. Drooneja ohjataan kauko-ohjauksella, mutta my\u00f6s automaattiohjauksella.<\/p>\n<p>Droonityyppej\u00e4 voisi sanoa olevan nelj\u00e4. Moniroottoriset, kiinte\u00e4siipiset, yksiroottoriset ja hybridit (VTOL), joissa yhdistyy moniroottorisen ja kiinte\u00e4siipisen ominaisuudet.<\/p>\n<p>Droonit eiv\u00e4t ole t\u00e4ysin uusi asia, vaikka ne ovat nyt olleet isosti mediassa esill\u00e4. Vaikka Ukrainan ja Ven\u00e4j\u00e4n sota on ensimm\u00e4inen droonisota, jo vuonna 1849 on k\u00e4ytetty miehitt\u00e4m\u00e4tt\u00f6mi\u00e4 ilma-aluksia Venetsian piirityksess\u00e4. Tuttuun tapaan, droonit ovat kehittyneet sodank\u00e4ynnin tarpeista. Radio-ohjattavia drooneja on k\u00e4ytetty harjoitusmaaleina sek\u00e4 valemaaleina vihollisen ilmapuolustusta vastaan, jolla mm. s\u00e4\u00e4stettiin lentokoneiden vahingot.<\/p>\n<p>Lis\u00e4ksi drooneja on k\u00e4ytetty tiedusteluun. Pitk\u00e4n aikaa tiedusteludroonin piti palata ehj\u00e4n\u00e4 takaisin, jotta droonin ottamat kuvat voitiin kehitt\u00e4\u00e4, mutta jo 80-luvulla drooni pystyi l\u00e4hett\u00e4m\u00e4\u00e4n reaaliaikaista videokuvaa, mik\u00e4 mahdollisti mm. ohjusiskujen ohjaamisen tarkasti kohteisiin.<\/p>\n<p>Elektroniikan halpeneminen 2000-luvun alusta alkaen on n\u00e4kynyt droonien valumisessa kuluttajamarkkinoille, mill\u00e4 on my\u00f6s iso osansa Ukrainan sodassa.<\/p>\n<p>Tampereen reservil\u00e4isten drooniosasto on juuri siksi p\u00e4\u00e4tynyt keskittym\u00e4\u00e4n FPV quadrokoptereihin eli nelikoptereihin, joilla lennet\u00e4\u00e4n droonin n\u00e4k\u00f6kulmasta.<\/p>\n<p>FPV-teknologia on jo pitk\u00e4lle kehittynyt siviilik\u00e4yt\u00f6ss\u00e4 ja koska multiroottorinen drooni on mekaanisesti yksinkertaisin, siihen l\u00f6ytyy paljon eri komponenttivalmistajia sek\u00e4 avoimen l\u00e4hdekoodin laiteohjelmistoja. Lis\u00e4n\u00e4 on my\u00f6s etu, ett\u00e4 eri valmistajien osat toimivat hyvin kesken\u00e4\u00e4n, mik\u00e4 helpottaa huoltovarmuutta.<\/p>\n<p>Katso seuraavaksi:<\/p>\n<p><a href=\"https:\/\/www.tres.fi\/?page_id=2217\">Droonit harrastuksena ja harrastuksen aloitus<\/a><\/p>\n<p><a href=\"https:\/\/www.tres.fi\/?page_id=2220\">Mik\u00e4 drooni minulle?<\/a><\/p>\n<p>&nbsp;<\/p>\n","protected":false},"excerpt":{"rendered":"<p>Mik\u00e4 on drooni? Periaatteessa kaikki miehitt\u00e4m\u00e4tt\u00f6m\u00e4t alukset, niin maa- kuin ilma-aluksetkin, ovat drooneja. Englanniksi puhutaan my\u00f6s unmanned vehicle (UxV), lyhenne UAV (Unmanned Aerial Vehicle) tulee varmasti vastaan mediassa. Lis\u00e4ksi puhutaan my\u00f6s UAS (Unmanned Aerial System) termill\u00e4, joka kattaa droonin lis\u00e4ksi<\/p>\n","protected":false},"author":9,"featured_media":0,"parent":1901,"menu_order":1,"comment_status":"closed","ping_status":"closed","template":"","meta":{"footnotes":""},"class_list":["post-2175","page","type-page","status-publish","hentry"],"_links":{"self":[{"href":"https:\/\/www.tres.fi\/index.php?rest_route=\/wp\/v2\/pages\/2175","targetHints":{"allow":["GET"]}}],"collection":[{"href":"https:\/\/www.tres.fi\/index.php?rest_route=\/wp\/v2\/pages"}],"about":[{"href":"https:\/\/www.tres.fi\/index.php?rest_route=\/wp\/v2\/types\/page"}],"author":[{"embeddable":true,"href":"https:\/\/www.tres.fi\/index.php?rest_route=\/wp\/v2\/users\/9"}],"replies":[{"embeddable":true,"href":"https:\/\/www.tres.fi\/index.php?rest_route=%2Fwp%2Fv2%2Fcomments&post=2175"}],"version-history":[{"count":7,"href":"https:\/\/www.tres.fi\/index.php?rest_route=\/wp\/v2\/pages\/2175\/revisions"}],"predecessor-version":[{"id":2226,"href":"https:\/\/www.tres.fi\/index.php?rest_route=\/wp\/v2\/pages\/2175\/revisions\/2226"}],"up":[{"embeddable":true,"href":"https:\/\/www.tres.fi\/index.php?rest_route=\/wp\/v2\/pages\/1901"}],"wp:attachment":[{"href":"https:\/\/www.tres.fi\/index.php?rest_route=%2Fwp%2Fv2%2Fmedia&parent=2175"}],"curies":[{"name":"wp","href":"https:\/\/api.w.org\/{rel}","templated":true}]}}