{"id":1901,"date":"2024-02-11T16:54:39","date_gmt":"2024-02-11T14:54:39","guid":{"rendered":"https:\/\/www.tres.fi\/?page_id=1901"},"modified":"2025-12-23T23:30:25","modified_gmt":"2025-12-23T21:30:25","slug":"droneosasto","status":"publish","type":"page","link":"https:\/\/www.tres.fi\/?page_id=1901","title":{"rendered":"Drooniosasto"},"content":{"rendered":"<p><span data-contrast=\"auto\">Tampereen Reservil\u00e4iset ry:n drooniosasto keskittyy nimens\u00e4 mukaiset droonitoimintaan reservil\u00e4isten n\u00e4k\u00f6kulmasta ja erityisen\u00e4 painopistealueena ovat FPV-droonit. Osastolla on omaa lent\u00e4v\u00e4\u00e4 kalustoa harjoitusk\u00e4ytt\u00f6\u00f6n sek\u00e4 lainattavia RC-ohjaimia ja FPV-videolaseja, jotka mahdollistavat realistisen simulaattoriharjoittelun. Lenn\u00e4tystoiminnan lis\u00e4ksi osasto on j\u00e4rjest\u00e4nyt erilaisia esityksi\u00e4 mm. droonien sensoriteknologiasta, s\u00e4\u00e4ntelyst\u00e4 ja harrastedroonien sotilask\u00e4yt\u00f6st\u00e4 Ukrainassa.<\/span><\/p>\n<p><span data-contrast=\"auto\">Osaston aktiivisena keskustelupaikkana toimii Discord. Lis\u00e4tietoa toiminnasta ja kutsulinkin Discordiin saa s\u00e4hk\u00f6postilla tres.droneosasto (\u00e4t) gmail.com.<\/p>\n<p>Pieni ote toiminnasta, l\u00f6ytyy Tampereen reservil\u00e4isten youtube -kanavalta: https:\/\/www.youtube.com\/watch?v=Ym2hdSkeUIc<\/span><\/p>\n","protected":false},"excerpt":{"rendered":"<p>Tampereen Reservil\u00e4iset ry:n drooniosasto keskittyy nimens\u00e4 mukaiset droonitoimintaan reservil\u00e4isten n\u00e4k\u00f6kulmasta ja erityisen\u00e4 painopistealueena ovat FPV-droonit. Osastolla on omaa lent\u00e4v\u00e4\u00e4 kalustoa harjoitusk\u00e4ytt\u00f6\u00f6n sek\u00e4 lainattavia RC-ohjaimia ja FPV-videolaseja, jotka mahdollistavat realistisen simulaattoriharjoittelun. Lenn\u00e4tystoiminnan lis\u00e4ksi osasto on j\u00e4rjest\u00e4nyt erilaisia esityksi\u00e4 mm. droonien sensoriteknologiasta,<\/p>\n","protected":false},"author":8,"featured_media":0,"parent":155,"menu_order":0,"comment_status":"closed","ping_status":"closed","template":"","meta":{"footnotes":""},"class_list":["post-1901","page","type-page","status-publish","hentry"],"_links":{"self":[{"href":"https:\/\/www.tres.fi\/index.php?rest_route=\/wp\/v2\/pages\/1901","targetHints":{"allow":["GET"]}}],"collection":[{"href":"https:\/\/www.tres.fi\/index.php?rest_route=\/wp\/v2\/pages"}],"about":[{"href":"https:\/\/www.tres.fi\/index.php?rest_route=\/wp\/v2\/types\/page"}],"author":[{"embeddable":true,"href":"https:\/\/www.tres.fi\/index.php?rest_route=\/wp\/v2\/users\/8"}],"replies":[{"embeddable":true,"href":"https:\/\/www.tres.fi\/index.php?rest_route=%2Fwp%2Fv2%2Fcomments&post=1901"}],"version-history":[{"count":9,"href":"https:\/\/www.tres.fi\/index.php?rest_route=\/wp\/v2\/pages\/1901\/revisions"}],"predecessor-version":[{"id":2224,"href":"https:\/\/www.tres.fi\/index.php?rest_route=\/wp\/v2\/pages\/1901\/revisions\/2224"}],"up":[{"embeddable":true,"href":"https:\/\/www.tres.fi\/index.php?rest_route=\/wp\/v2\/pages\/155"}],"wp:attachment":[{"href":"https:\/\/www.tres.fi\/index.php?rest_route=%2Fwp%2Fv2%2Fmedia&parent=1901"}],"curies":[{"name":"wp","href":"https:\/\/api.w.org\/{rel}","templated":true}]}}