{"id":182,"date":"2017-08-08T19:15:09","date_gmt":"2017-08-08T17:15:09","guid":{"rendered":"https:\/\/www.tres.fi\/?page_id=182"},"modified":"2026-04-20T18:19:03","modified_gmt":"2026-04-20T16:19:03","slug":"johtokunta","status":"publish","type":"page","link":"https:\/\/www.tres.fi\/?page_id=182","title":{"rendered":"Hallitus"},"content":{"rendered":"<h5>Tampereen Reservil\u00e4iset ry:n hallitus 2026<\/h5>\n<p>v\u00e4\u00e4p (res)<strong> Moijanen Juha<\/strong>, 0500 625 246, juha.moijanen(at)gmail.com<\/p>\n<ul>\n<li>Puheenjohtaja, ampumaosasto (vpj), AAK, talous, TASERA (pj), piirihallitus<\/li>\n<\/ul>\n<p>kers (res) <strong>Reinola Janne<\/strong>, 040 554 2994, tresweb(at)sci.fi<\/p>\n<ul>\n<li>maja, piirihallitus (2. vpj)<\/li>\n<\/ul>\n<p>sotm (res) <strong>Ojala Raimo<\/strong>, 050 568 5360, raimo.ojala(at)gmail.com<\/p>\n<ul>\n<li>1. varapuheenjohtaja, tiedottaja, talous, piirihallitus<\/li>\n<\/ul>\n<p>korpr (res) <strong>Hauki Hannu<\/strong>, 050 410 8229, hannu(at)hauki.fi<\/p>\n<ul>\n<li>sihteeri, tiedotus, ampumaosasto, maja, piirihallitus (vara)<\/li>\n<\/ul>\n<p>ylik (res) <strong>Kivinen Keijo<\/strong>, 050 594 3400, keijo.kivinen(at)nokiantyres.com<\/p>\n<ul>\n<li>piirihallitus (vara)<\/li>\n<\/ul>\n<p>ylik (res) <strong>Kortemaa Jarna<\/strong>, 050 466 6056, jarna.kortemaa(at)gmail.com<\/p>\n<ul>\n<li>lippu- ja kunniavartio-osasto, piirihallitus (vara)<\/li>\n<\/ul>\n<p>ylik (res) <strong>Kumpu Juha<\/strong>, 040 7157 994, juhakumpu(at)hotmail.com<\/p>\n<ul>\n<li>lippu- ja kunniavartio-osasto (pj), maja, tiedotus, talous, piirihallitus (vara)<\/li>\n<\/ul>\n<p>v\u00e4\u00e4p (res)<strong> Lahtinen Ville<\/strong>, tres.ampumaosasto(at)gmail.com<\/p>\n<ul>\n<li>ampumaosasto (pj), asevastaava, SRA, AAK, tiedotus, piirihallitus<\/li>\n<\/ul>\n<p>yliv (res) <strong>Niemi Veijo<\/strong>, 0400 627 264, veijo.niemi(at)elisanet.fi<\/p>\n<ul>\n<li>piirihallitus (vara)<\/li>\n<\/ul>\n<p>korpr (res)<strong> Pitk\u00e4nen Timo-Matti, <\/strong>timo_pitkanen_tres+liikunta(at)pm.me<\/p>\n<ul>\n<li>liikuntaosasto, piirihallitus<\/li>\n<\/ul>\n<p>sotm (res) <strong>Salonen Matti,<\/strong> 040 779 1420, salosenmasa(at)gmail.com<\/p>\n<ul>\n<li>ohjelmaosasto, j\u00e4senasiat ja huomionosoitukset, piirihallitus<\/li>\n<\/ul>\n<p>v\u00e4\u00e4p (res) <strong>Ylinen Kari<\/strong>, 040 963 6158, kariveijojosef(at)gmail.com<\/p>\n<ul>\n<li>varasihteeri, majais\u00e4nt\u00e4, piirihallitus<\/li>\n<\/ul>\n<p>korpr (res) <strong>Lindqvist Simo<\/strong>, 050 350 1966, tres.droneosasto(at)gmail.com<\/p>\n<ul>\n<li>2. varapuheenjohtaja, drooniosasto (pj), tiedotus, talous , piirihallitus<\/li>\n<\/ul>\n<p>ylik (res) <strong>Suosaari Alex<\/strong>, alex@suosaari.fi<\/p>\n<ul>\n<li>liikunta, piirihallitus<\/li>\n<\/ul>\n<h6>Kutsuttuna<\/h6>\n<p>sotm (res) <strong>Ahtee Tero<\/strong>, tensu(at)iki.fi<\/p>\n<ul>\n<li>maasto-osasto, vapepa, viestiosasto, piirihallitus (vara)<\/li>\n<\/ul>\n<p><strong>Myll\u00e4rniemi Ulla<\/strong>, 044 512 4477, toimisto(at)tampereenreservilaiset.fi<\/p>\n<ul>\n<li>toiminnanjohtaja, talous, j\u00e4senvastaava<\/li>\n<\/ul>\n<p><strong>Takamaa<\/strong>\u00a0<strong>Havu, <\/strong>havu.takamaa@gmail.com<\/p>\n<ul>\n<li>Resposti (p\u00e4\u00e4toimittaja)<\/li>\n<\/ul>\n","protected":false},"excerpt":{"rendered":"<p>Tampereen Reservil\u00e4iset ry:n hallitus 2026 v\u00e4\u00e4p (res) Moijanen Juha, 0500 625 246, juha.moijanen(at)gmail.com Puheenjohtaja, ampumaosasto (vpj), AAK, talous, TASERA (pj), piirihallitus kers (res) Reinola Janne, 040 554 2994, tresweb(at)sci.fi maja, piirihallitus (2. vpj) sotm (res) Ojala Raimo, 050 568 5360,<\/p>\n","protected":false},"author":1,"featured_media":0,"parent":55,"menu_order":0,"comment_status":"closed","ping_status":"closed","template":"","meta":{"footnotes":""},"class_list":["post-182","page","type-page","status-publish","hentry"],"_links":{"self":[{"href":"https:\/\/www.tres.fi\/index.php?rest_route=\/wp\/v2\/pages\/182","targetHints":{"allow":["GET"]}}],"collection":[{"href":"https:\/\/www.tres.fi\/index.php?rest_route=\/wp\/v2\/pages"}],"about":[{"href":"https:\/\/www.tres.fi\/index.php?rest_route=\/wp\/v2\/types\/page"}],"author":[{"embeddable":true,"href":"https:\/\/www.tres.fi\/index.php?rest_route=\/wp\/v2\/users\/1"}],"replies":[{"embeddable":true,"href":"https:\/\/www.tres.fi\/index.php?rest_route=%2Fwp%2Fv2%2Fcomments&post=182"}],"version-history":[{"count":43,"href":"https:\/\/www.tres.fi\/index.php?rest_route=\/wp\/v2\/pages\/182\/revisions"}],"predecessor-version":[{"id":2312,"href":"https:\/\/www.tres.fi\/index.php?rest_route=\/wp\/v2\/pages\/182\/revisions\/2312"}],"up":[{"embeddable":true,"href":"https:\/\/www.tres.fi\/index.php?rest_route=\/wp\/v2\/pages\/55"}],"wp:attachment":[{"href":"https:\/\/www.tres.fi\/index.php?rest_route=%2Fwp%2Fv2%2Fmedia&parent=182"}],"curies":[{"name":"wp","href":"https:\/\/api.w.org\/{rel}","templated":true}]}}