{"id":177,"date":"2017-08-08T19:01:54","date_gmt":"2017-08-08T17:01:54","guid":{"rendered":"https:\/\/www.tres.fi\/?page_id=177"},"modified":"2025-12-14T21:40:58","modified_gmt":"2025-12-14T19:40:58","slug":"resposti","status":"publish","type":"page","link":"https:\/\/www.tres.fi\/?page_id=177","title":{"rendered":"Resposti"},"content":{"rendered":"\r\n<p><strong>RESPOSTI<br \/><\/strong>Resposti on Tampereen Reservil\u00e4iset ry:n tiedotus- ja j\u00e4senlehti, joka jaetaan kaikille j\u00e4senille kahdesti vuodessa. Painosm\u00e4\u00e4r\u00e4 on 2000. Painopaikka Lehtisep\u00e4t Oy, Lahti. Painopaperi 55 g\/m2.<br \/>Lehti on kokonaan neliv\u00e4ripainettu, viisipalstainen ja Tabloid kokoinen. Kuvat resoluutio min. 200 dpi, .jpg- tai .tif-muodossa. Tekstit .doc-, .docx- tai rtf-muodossa. Asiakas\/aineistontoimittaja vastaa kuvien ja tekstien julkaisu- ja k\u00e4ytt\u00f6oikeuksista.<\/p>\r\n<p>ILMESTYY kaksi kertaa vuodessa.<br \/>Ilmoitukset p\u00e4\u00e4s\u00e4\u00e4nt\u00f6isesti painovalmis pdf-tiedosto. Lehden vastuu virheellisest\u00e4 ilmoituksesta rajoittuu enint\u00e4\u00e4n ilmoitushintaan.<br \/>Ilmoituskoot ja \u2013ohjeet sek\u00e4 aineisto: toimisto(at)tampereenreservilaiset.fi (max. koko 10 MB)<\/p>\r\n<p><strong>Uusin lehti l\u00f6ytyy klikkaamalla alla olevaa kuvaa:<\/strong><\/p>\r\n<p><a href=\"https:\/\/www.tres.fi\/wp-content\/uploads\/2025\/12\/resposti2_2025_netti.pdf\"><img loading=\"lazy\" decoding=\"async\" class=\"alignnone size-medium wp-image-2198\" src=\"https:\/\/www.tres.fi\/wp-content\/uploads\/2025\/12\/resposti2_2025_kansi-206x300.jpg\" alt=\"\" width=\"206\" height=\"300\" srcset=\"https:\/\/www.tres.fi\/wp-content\/uploads\/2025\/12\/resposti2_2025_kansi-206x300.jpg 206w, https:\/\/www.tres.fi\/wp-content\/uploads\/2025\/12\/resposti2_2025_kansi-704x1024.jpg 704w, https:\/\/www.tres.fi\/wp-content\/uploads\/2025\/12\/resposti2_2025_kansi-768x1117.jpg 768w, https:\/\/www.tres.fi\/wp-content\/uploads\/2025\/12\/resposti2_2025_kansi-1056x1536.jpg 1056w, https:\/\/www.tres.fi\/wp-content\/uploads\/2025\/12\/resposti2_2025_kansi.jpg 1100w\" sizes=\"auto, (max-width: 206px) 100vw, 206px\" \/><\/a><br \/>2\/2025<\/p>\r\n<h6>Vanhoja lehti\u00e4<\/h6>\r\n<p><a href=\"https:\/\/www.tres.fi\/wp-content\/uploads\/2023\/10\/resposti2_2023_netti.pdf\">\u00a0<\/a><a href=\"https:\/\/www.tres.fi\/wp-content\/uploads\/2025\/06\/resposti1_2025_netti.pdf\"><img loading=\"lazy\" decoding=\"async\" class=\"alignnone  wp-image-2120\" src=\"https:\/\/www.tres.fi\/wp-content\/uploads\/2025\/06\/Resposti_1-2025_kansi-206x300.jpg\" alt=\"\" width=\"140\" height=\"204\" srcset=\"https:\/\/www.tres.fi\/wp-content\/uploads\/2025\/06\/Resposti_1-2025_kansi-206x300.jpg 206w, https:\/\/www.tres.fi\/wp-content\/uploads\/2025\/06\/Resposti_1-2025_kansi-704x1024.jpg 704w, https:\/\/www.tres.fi\/wp-content\/uploads\/2025\/06\/Resposti_1-2025_kansi-768x1117.jpg 768w, https:\/\/www.tres.fi\/wp-content\/uploads\/2025\/06\/Resposti_1-2025_kansi-1056x1536.jpg 1056w, https:\/\/www.tres.fi\/wp-content\/uploads\/2025\/06\/Resposti_1-2025_kansi-1408x2048.jpg 1408w, https:\/\/www.tres.fi\/wp-content\/uploads\/2025\/06\/Resposti_1-2025_kansi-scaled.jpg 1759w\" sizes=\"auto, (max-width: 140px) 100vw, 140px\" \/><\/a><a href=\"https:\/\/www.tres.fi\/wp-content\/uploads\/2024\/09\/resposti2_2024_netti.pdf\"><img loading=\"lazy\" decoding=\"async\" class=\"wp-image-2009  alignnone\" src=\"https:\/\/www.tres.fi\/wp-content\/uploads\/2024\/09\/resposti2_2024_kansi-206x300.jpg\" alt=\"\" width=\"141\" height=\"205\" srcset=\"https:\/\/www.tres.fi\/wp-content\/uploads\/2024\/09\/resposti2_2024_kansi-206x300.jpg 206w, https:\/\/www.tres.fi\/wp-content\/uploads\/2024\/09\/resposti2_2024_kansi-704x1024.jpg 704w, https:\/\/www.tres.fi\/wp-content\/uploads\/2024\/09\/resposti2_2024_kansi-768x1117.jpg 768w, https:\/\/www.tres.fi\/wp-content\/uploads\/2024\/09\/resposti2_2024_kansi-1056x1536.jpg 1056w, https:\/\/www.tres.fi\/wp-content\/uploads\/2024\/09\/resposti2_2024_kansi-1408x2048.jpg 1408w, https:\/\/www.tres.fi\/wp-content\/uploads\/2024\/09\/resposti2_2024_kansi-scaled.jpg 1759w\" sizes=\"auto, (max-width: 141px) 100vw, 141px\" \/><\/a><a href=\"https:\/\/www.tres.fi\/wp-content\/uploads\/2024\/02\/resposti1_2024_netti.pdf\"><img loading=\"lazy\" decoding=\"async\" class=\"alignnone  wp-image-1906\" src=\"https:\/\/www.tres.fi\/wp-content\/uploads\/2024\/02\/resposti1_2024_kansi-2.jpg\" alt=\"\" width=\"141\" height=\"205\" \/><\/a><a href=\"https:\/\/www.tres.fi\/wp-content\/uploads\/2023\/10\/resposti2_2023_netti.pdf\"><img loading=\"lazy\" decoding=\"async\" class=\"alignnone  wp-image-1799\" src=\"https:\/\/www.tres.fi\/wp-content\/uploads\/2023\/10\/resposti2_2023.jpg\" alt=\"\" width=\"143\" height=\"209\" \/><\/a><a href=\"https:\/\/www.tres.fi\/wp-content\/uploads\/2023\/03\/resposti1_2023_netti-1.pdf\"><img loading=\"lazy\" decoding=\"async\" class=\"alignnone  wp-image-1685\" src=\"https:\/\/www.tres.fi\/wp-content\/uploads\/2023\/03\/resposti1_2023_kansi.jpg\" alt=\"\" width=\"142\" height=\"207\" \/><\/a><br \/>1\/2025\u00a0 \u00a0 \u00a0 \u00a0 \u00a0 \u00a0 \u00a0 \u00a0 \u00a0 \u00a0 \u00a0 \u00a0 \u00a0 \u00a0 2\/2024\u00a0 \u00a0 \u00a0 \u00a0 \u00a0 \u00a0 \u00a0 \u00a0 \u00a0 \u00a0 \u00a0 \u00a0 \u00a0 \u00a0 \u00a0 1\/2024\u00a0 \u00a0 \u00a0 \u00a0 \u00a0 \u00a0 \u00a0 \u00a0 \u00a0 \u00a0 \u00a0 \u00a0 \u00a0 \u00a0 \u00a0 2\/2023\u00a0 \u00a0 \u00a0 \u00a0 \u00a0 \u00a0 \u00a0 \u00a0 \u00a0 \u00a0 \u00a0 \u00a0 \u00a0 \u00a0 1\/2023<\/p>\r\n<p><a href=\"https:\/\/www.tres.fi\/wp-content\/uploads\/2022\/10\/resposti_2_2022_netti.pdf\"><img loading=\"lazy\" decoding=\"async\" class=\"alignnone  wp-image-1569\" src=\"https:\/\/www.tres.fi\/wp-content\/uploads\/2022\/10\/resposti_2_2022_kansi.jpg\" alt=\"\" width=\"143\" height=\"208\" \/><\/a><a href=\"https:\/\/www.tres.fi\/wp-content\/uploads\/2022\/02\/resposti1_2022_netti.pdf\"><img loading=\"lazy\" decoding=\"async\" class=\"alignnone  wp-image-1396\" src=\"https:\/\/www.tres.fi\/wp-content\/uploads\/2022\/02\/resposti1_2022_kansi-206x300.jpg\" alt=\"\" width=\"143\" height=\"209\" srcset=\"https:\/\/www.tres.fi\/wp-content\/uploads\/2022\/02\/resposti1_2022_kansi-206x300.jpg 206w, https:\/\/www.tres.fi\/wp-content\/uploads\/2022\/02\/resposti1_2022_kansi.jpg 704w\" sizes=\"auto, (max-width: 143px) 100vw, 143px\" \/><\/a><a href=\"https:\/\/www.tres.fi\/wp-content\/uploads\/2020\/03\/resposti1_2020_netti.pdf\"><img loading=\"lazy\" decoding=\"async\" class=\"wp-image-1003\" src=\"https:\/\/www.tres.fi\/wp-content\/uploads\/2020\/03\/Resposti1_2020.jpg\" alt=\"\" width=\"144\" height=\"207\" srcset=\"https:\/\/www.tres.fi\/wp-content\/uploads\/2020\/03\/Resposti1_2020.jpg 637w, https:\/\/www.tres.fi\/wp-content\/uploads\/2020\/03\/Resposti1_2020-208x300.jpg 208w\" sizes=\"auto, (max-width: 144px) 100vw, 144px\" \/><\/a> \u00a0 <a href=\"https:\/\/www.tres.fi\/wp-content\/uploads\/2020\/10\/resposti2_2020_netti.pdf\"><img loading=\"lazy\" decoding=\"async\" class=\"alignnone  wp-image-1128\" src=\"https:\/\/www.tres.fi\/wp-content\/uploads\/2020\/10\/resposti2_2020_kansi-212x300.jpg\" alt=\"\" width=\"147\" height=\"208\" srcset=\"https:\/\/www.tres.fi\/wp-content\/uploads\/2020\/10\/resposti2_2020_kansi-212x300.jpg 212w, https:\/\/www.tres.fi\/wp-content\/uploads\/2020\/10\/resposti2_2020_kansi-722x1024.jpg 722w, https:\/\/www.tres.fi\/wp-content\/uploads\/2020\/10\/resposti2_2020_kansi-768x1089.jpg 768w, https:\/\/www.tres.fi\/wp-content\/uploads\/2020\/10\/resposti2_2020_kansi-1083x1536.jpg 1083w, https:\/\/www.tres.fi\/wp-content\/uploads\/2020\/10\/resposti2_2020_kansi-1444x2048.jpg 1444w, https:\/\/www.tres.fi\/wp-content\/uploads\/2020\/10\/resposti2_2020_kansi-scaled.jpg 1805w\" sizes=\"auto, (max-width: 147px) 100vw, 147px\" \/><\/a><br \/>\u00a02\/2022\u00a0\u00a0\u00a0\u00a0\u00a0\u00a0\u00a0\u00a0\u00a0\u00a0\u00a0\u00a0\u00a0\u00a0\u00a0\u00a0\u00a0\u00a0\u00a0 \u00a0 \u00a0\u00a0 \u00a0\u00a0 1\/2022\u00a0\u00a0\u00a0\u00a0\u00a0\u00a0\u00a0\u00a0\u00a0\u00a0\u00a0\u00a0\u00a0\u00a0\u00a0\u00a0 \u00a0\u00a0 \u00a0\u00a0 \u00a0 \u00a0 1\/2020\u00a0\u00a0\u00a0\u00a0\u00a0\u00a0\u00a0\u00a0\u00a0\u00a0\u00a0\u00a0\u00a0\u00a0\u00a0\u00a0\u00a0\u00a0\u00a0 \u00a0 \u00a0 \u00a0\u00a0 \u00a0\u00a0 \u00a0 \u00a0 2\/2020<\/p>\r\n<figure id=\"attachment_755\" aria-describedby=\"caption-attachment-755\" style=\"width: 150px\" class=\"wp-caption alignleft\"><a href=\"https:\/\/www.tres.fi\/wp-content\/uploads\/2019\/11\/resposti2_2019_netti.pdf\"><img loading=\"lazy\" decoding=\"async\" class=\"wp-image-755\" src=\"https:\/\/www.tres.fi\/wp-content\/uploads\/2019\/11\/resposti2_2019_netti.jpg\" alt=\"\" width=\"150\" height=\"213\" \/><\/a><figcaption id=\"caption-attachment-755\" class=\"wp-caption-text\">2\/2019<\/figcaption><\/figure>\r\n<figure id=\"attachment_755\" aria-describedby=\"caption-attachment-755\" style=\"width: 150px\" class=\"wp-caption alignleft\"><a href=\"https:\/\/www.tres.fi\/wp-content\/uploads\/2019\/03\/resposti1_2019_netti-2.pdf\"><img loading=\"lazy\" decoding=\"async\" class=\"wp-image-755\" src=\"https:\/\/www.tres.fi\/wp-content\/uploads\/2019\/03\/resposti1_2019_kansi-www-722x1024.jpg\" alt=\"\" width=\"150\" height=\"213\" srcset=\"https:\/\/www.tres.fi\/wp-content\/uploads\/2019\/03\/resposti1_2019_kansi-www.jpg 722w, https:\/\/www.tres.fi\/wp-content\/uploads\/2019\/03\/resposti1_2019_kansi-www-212x300.jpg 212w\" sizes=\"auto, (max-width: 150px) 100vw, 150px\" \/><\/a><figcaption id=\"caption-attachment-755\" class=\"wp-caption-text\">1\/2019<\/figcaption><\/figure>\r\n<figure id=\"attachment_660\" aria-describedby=\"caption-attachment-660\" style=\"width: 150px\" class=\"wp-caption alignleft\"><a href=\"https:\/\/www.tres.fi\/wp-content\/uploads\/2018\/09\/resposti2_2018_netti.pdf\"><img loading=\"lazy\" decoding=\"async\" class=\"wp-image-660\" src=\"https:\/\/www.tres.fi\/wp-content\/uploads\/2018\/09\/resposti2_2018_kansi-722x1024.jpg\" alt=\"\" width=\"150\" height=\"213\" srcset=\"https:\/\/www.tres.fi\/wp-content\/uploads\/2018\/09\/resposti2_2018_kansi-722x1024.jpg 722w, https:\/\/www.tres.fi\/wp-content\/uploads\/2018\/09\/resposti2_2018_kansi-212x300.jpg 212w, https:\/\/www.tres.fi\/wp-content\/uploads\/2018\/09\/resposti2_2018_kansi-768x1089.jpg 768w\" sizes=\"auto, (max-width: 150px) 100vw, 150px\" \/><\/a><figcaption id=\"caption-attachment-660\" class=\"wp-caption-text\">2\/2018<\/figcaption><\/figure>\r\n<figure id=\"attachment_500\" aria-describedby=\"caption-attachment-500\" style=\"width: 150px\" class=\"wp-caption alignleft\"><a href=\"https:\/\/www.tres.fi\/wp-content\/uploads\/2018\/03\/resposti1_2018_netti.pdf\" target=\"_blank\" rel=\"noopener noreferrer\"><img loading=\"lazy\" decoding=\"async\" class=\"wp-image-500\" src=\"https:\/\/www.tres.fi\/wp-content\/uploads\/2018\/03\/resposti1_2018_kansi_pieni-722x1024.jpg\" alt=\"\" width=\"150\" height=\"213\" srcset=\"https:\/\/www.tres.fi\/wp-content\/uploads\/2018\/03\/resposti1_2018_kansi_pieni-722x1024.jpg 722w, https:\/\/www.tres.fi\/wp-content\/uploads\/2018\/03\/resposti1_2018_kansi_pieni-211x300.jpg 211w, https:\/\/www.tres.fi\/wp-content\/uploads\/2018\/03\/resposti1_2018_kansi_pieni-768x1090.jpg 768w, https:\/\/www.tres.fi\/wp-content\/uploads\/2018\/03\/resposti1_2018_kansi_pieni.jpg 1057w\" sizes=\"auto, (max-width: 150px) 100vw, 150px\" \/><\/a><figcaption id=\"caption-attachment-500\" class=\"wp-caption-text\">01\/2018<\/figcaption><\/figure>\r\n<figure id=\"attachment_498\" aria-describedby=\"caption-attachment-498\" style=\"width: 150px\" class=\"wp-caption alignleft\"><a href=\"https:\/\/issuu.com\/pasipitkanen\/docs\/resposti_2-2017\" target=\"_blank\" rel=\"noopener noreferrer\"><img loading=\"lazy\" decoding=\"async\" class=\"wp-image-498\" src=\"https:\/\/www.tres.fi\/wp-content\/uploads\/2018\/03\/resposti_2-2017netti_Page_01-212x300.jpg\" alt=\"\" width=\"150\" height=\"213\" srcset=\"https:\/\/www.tres.fi\/wp-content\/uploads\/2018\/03\/resposti_2-2017netti_Page_01-212x300.jpg 212w, https:\/\/www.tres.fi\/wp-content\/uploads\/2018\/03\/resposti_2-2017netti_Page_01-768x1089.jpg 768w, https:\/\/www.tres.fi\/wp-content\/uploads\/2018\/03\/resposti_2-2017netti_Page_01-722x1024.jpg 722w, https:\/\/www.tres.fi\/wp-content\/uploads\/2018\/03\/resposti_2-2017netti_Page_01.jpg 1093w\" sizes=\"auto, (max-width: 150px) 100vw, 150px\" \/><\/a><figcaption id=\"caption-attachment-498\" class=\"wp-caption-text\">02\/2017<\/figcaption><\/figure>\r\n<figure id=\"attachment_321\" aria-describedby=\"caption-attachment-321\" style=\"width: 150px\" class=\"wp-caption alignleft\"><a href=\"https:\/\/issuu.com\/pasipitkanen\/docs\/resposti_1-2017\" target=\"_blank\" rel=\"noopener noreferrer\"><img loading=\"lazy\" decoding=\"async\" class=\"wp-image-321\" src=\"https:\/\/www.tres.fi\/wp-content\/uploads\/2017\/08\/respostikansi-1-2017.png\" alt=\"\" width=\"150\" height=\"213\" \/><\/a><figcaption id=\"caption-attachment-321\" class=\"wp-caption-text\">01\/2017<\/figcaption><\/figure>\r\n<figure id=\"attachment_322\" aria-describedby=\"caption-attachment-322\" style=\"width: 150px\" class=\"wp-caption alignleft\"><a href=\"https:\/\/issuu.com\/pasipitkanen\/docs\/resposti_2-2016\" target=\"_blank\" rel=\"noopener noreferrer\"><img loading=\"lazy\" decoding=\"async\" class=\"wp-image-322\" src=\"https:\/\/www.tres.fi\/wp-content\/uploads\/2017\/08\/respostikansi-2-2016.png\" alt=\"\" width=\"150\" height=\"213\" \/><\/a><figcaption id=\"caption-attachment-322\" class=\"wp-caption-text\">02\/2016<\/figcaption><\/figure>\r\n<figure id=\"attachment_323\" aria-describedby=\"caption-attachment-323\" style=\"width: 150px\" class=\"wp-caption alignleft\"><a href=\"https:\/\/issuu.com\/pasipitkanen\/docs\/resposti_1-2016\" target=\"_blank\" rel=\"noopener noreferrer\"><img loading=\"lazy\" decoding=\"async\" class=\"wp-image-323\" src=\"https:\/\/www.tres.fi\/wp-content\/uploads\/2017\/08\/respostikansi-1-2016.png\" alt=\"\" width=\"150\" height=\"213\" \/><\/a><figcaption id=\"caption-attachment-323\" class=\"wp-caption-text\">01\/2016<\/figcaption><\/figure>\r\n<figure id=\"attachment_316\" aria-describedby=\"caption-attachment-316\" style=\"width: 150px\" class=\"wp-caption alignleft\"><a href=\"https:\/\/www.tres.fi\/wp-content\/uploads\/2017\/08\/resposti_2-2015.pdf\" target=\"_blank\" rel=\"noopener noreferrer\"><img loading=\"lazy\" decoding=\"async\" class=\"wp-image-316 size-full\" src=\"https:\/\/www.tres.fi\/wp-content\/uploads\/2017\/08\/respostikansi-2-2015.png\" alt=\"\" width=\"150\" height=\"212\" \/><\/a><figcaption id=\"caption-attachment-316\" class=\"wp-caption-text\">02\/2015 [pdf]<\/figcaption><\/figure>\r\n<figure id=\"attachment_315\" aria-describedby=\"caption-attachment-315\" style=\"width: 150px\" class=\"wp-caption alignleft\"><a href=\"https:\/\/www.tres.fi\/wp-content\/uploads\/2017\/08\/resposti_1-2015.pdf\" target=\"_blank\" rel=\"noopener noreferrer\"><img loading=\"lazy\" decoding=\"async\" class=\"wp-image-315 size-full\" src=\"https:\/\/www.tres.fi\/wp-content\/uploads\/2017\/08\/respostikansi-1-2015.png\" alt=\"\" width=\"150\" height=\"212\" \/><\/a><figcaption id=\"caption-attachment-315\" class=\"wp-caption-text\">01\/2015 [pdf]<\/figcaption><\/figure>\r\n<figure id=\"attachment_317\" aria-describedby=\"caption-attachment-317\" style=\"width: 150px\" class=\"wp-caption alignleft\"><a href=\"https:\/\/www.tres.fi\/wp-content\/uploads\/2017\/08\/resposti_2-2014.pdf\" target=\"_blank\" rel=\"noopener noreferrer\"><img loading=\"lazy\" decoding=\"async\" class=\"wp-image-317 size-full\" src=\"https:\/\/www.tres.fi\/wp-content\/uploads\/2017\/08\/respostikansi-2-2014.png\" alt=\"\" width=\"150\" height=\"212\" \/><\/a><figcaption id=\"caption-attachment-317\" class=\"wp-caption-text\">02\/2014 [pdf]<\/figcaption><\/figure>\r\n<figure id=\"attachment_318\" aria-describedby=\"caption-attachment-318\" style=\"width: 150px\" class=\"wp-caption alignleft\"><a href=\"https:\/\/www.tres.fi\/wp-content\/uploads\/2017\/08\/resposti_1-2014.pdf\" target=\"_blank\" rel=\"noopener noreferrer\"><img loading=\"lazy\" decoding=\"async\" class=\"wp-image-318 size-full\" src=\"https:\/\/www.tres.fi\/wp-content\/uploads\/2017\/08\/respostikansi-1-2014.png\" alt=\"\" width=\"150\" height=\"212\" \/><\/a><figcaption id=\"caption-attachment-318\" class=\"wp-caption-text\">01\/2014 [pdf]<\/figcaption><\/figure>","protected":false},"excerpt":{"rendered":"<p>RESPOSTIResposti on Tampereen Reservil\u00e4iset ry:n tiedotus- ja j\u00e4senlehti, joka jaetaan kaikille j\u00e4senille kahdesti vuodessa. Painosm\u00e4\u00e4r\u00e4 on 2000. Painopaikka Lehtisep\u00e4t Oy, Lahti. Painopaperi 55 g\/m2.Lehti on kokonaan neliv\u00e4ripainettu, viisipalstainen ja Tabloid kokoinen. Kuvat resoluutio min. 200 dpi, .jpg- tai .tif-muodossa. Tekstit<\/p>\n","protected":false},"author":1,"featured_media":0,"parent":0,"menu_order":0,"comment_status":"closed","ping_status":"closed","template":"","meta":{"footnotes":""},"class_list":["post-177","page","type-page","status-publish","hentry"],"_links":{"self":[{"href":"https:\/\/www.tres.fi\/index.php?rest_route=\/wp\/v2\/pages\/177","targetHints":{"allow":["GET"]}}],"collection":[{"href":"https:\/\/www.tres.fi\/index.php?rest_route=\/wp\/v2\/pages"}],"about":[{"href":"https:\/\/www.tres.fi\/index.php?rest_route=\/wp\/v2\/types\/page"}],"author":[{"embeddable":true,"href":"https:\/\/www.tres.fi\/index.php?rest_route=\/wp\/v2\/users\/1"}],"replies":[{"embeddable":true,"href":"https:\/\/www.tres.fi\/index.php?rest_route=%2Fwp%2Fv2%2Fcomments&post=177"}],"version-history":[{"count":58,"href":"https:\/\/www.tres.fi\/index.php?rest_route=\/wp\/v2\/pages\/177\/revisions"}],"predecessor-version":[{"id":2206,"href":"https:\/\/www.tres.fi\/index.php?rest_route=\/wp\/v2\/pages\/177\/revisions\/2206"}],"wp:attachment":[{"href":"https:\/\/www.tres.fi\/index.php?rest_route=%2Fwp%2Fv2%2Fmedia&parent=177"}],"curies":[{"name":"wp","href":"https:\/\/api.w.org\/{rel}","templated":true}]}}