{"id":166,"date":"2017-08-08T18:48:32","date_gmt":"2017-08-08T16:48:32","guid":{"rendered":"https:\/\/www.tres.fi\/?page_id=166"},"modified":"2026-02-01T22:03:18","modified_gmt":"2026-02-01T20:03:18","slug":"maasto-osasto","status":"publish","type":"page","link":"https:\/\/www.tres.fi\/?page_id=166","title":{"rendered":"Maasto-osasto"},"content":{"rendered":"<p>Liikunta ja raitis ilma pit\u00e4v\u00e4t ruumiin ja hengen virkein\u00e4 ja vahvoina. Luonnossa liikkumisen ja selvi\u00e4misen taidot ovat peruskansalaistaitoja sek\u00e4 olennaisia sotilaallisia taitoja.<\/p>\n<p>Tampereen Reservil\u00e4isten Maasto-osasto vastaa maastossa tapahtuvasta toiminnasta ja on mukana j\u00e4rjest\u00e4m\u00e4ss\u00e4 erilaisia kursseja ja tapahtumia. Esimerkiksi:<\/p>\n<ul>\n<li>Luonnossa liikkuminen ja Er\u00e4taidot<\/li>\n<li>Vaellukset, Jotokset ja Marssit<\/li>\n<li>Talvitaidot, Selviytyminen ja Luonnonmuona<\/li>\n<\/ul>\n<div class=\"x_elementToProof\" data-ogsc=\"rgb(0, 0, 0)\" data-olk-copy-source=\"MessageBody\"><strong>VUODEN 2026 MAASTOLLISIA TAPAHTUMIA<\/strong><\/div>\n<div class=\"x_elementToProof\" data-ogsc=\"rgb(0, 0, 0)\"><\/div>\n<ul>\n<li class=\"x_elementToProof\" data-ogsc=\"rgb(0, 0, 0)\">03.01. Tulentekop\u00e4iv\u00e4 Teiskon takametsiss\u00e4<\/li>\n<li class=\"x_elementToProof\" data-ogsc=\"rgb(0, 0, 0)\">13.01. Talvitaitojen vepinaari, klo 1800-21.<\/li>\n<li class=\"x_elementToProof\" data-ogsc=\"rgb(0, 0, 0)\">30.01.-01.02. Talvitaidot, S\u00e4res (MPK).<\/li>\n<li class=\"x_elementToProof\" data-ogsc=\"rgb(0, 0, 0)\">ei RESUL:n talvijotosta 2026 ??<\/li>\n<li class=\"x_elementToProof\" data-ogsc=\"rgb(0, 0, 0)\">13-15.03. Sotilaan selviytymistaidot talvella, Hamina (MPK).<\/li>\n<li class=\"x_elementToProof\" data-ogsc=\"rgb(0, 0, 0)\">20-22.03. Selviytymisen peruskurssi 1\/2, Utti (MPK).<\/li>\n<li class=\"x_elementToProof\" data-ogsc=\"rgb(0, 0, 0)\">10-12.04. SERE peruskurssi, Oulu (MPK).<\/li>\n<li class=\"x_elementToProof\" data-ogsc=\"rgb(0, 0, 0)\">huhtikuu Kartat ja koordinaatit-teemailta<\/li>\n<li class=\"x_elementToProof\" data-ogsc=\"rgb(0, 0, 0)\">huhtikuu jotostelun teemailta<\/li>\n<li class=\"x_elementToProof\" data-ogsc=\"rgb(0, 0, 0)\">01-31.05. verenluovutuskampanja.<\/li>\n<li class=\"x_elementToProof\" data-ogsc=\"rgb(0, 0, 0)\">toukokuu ?? Kev\u00e4ty\u00f6n Koukkaus (jotos)<\/li>\n<li class=\"x_elementToProof\" data-ogsc=\"rgb(0, 0, 0)\">14-17.05. RESUL 4 Day March.<\/li>\n<li class=\"x_elementToProof\" data-ogsc=\"rgb(0, 0, 0)\">15-17.05. Sandels-jotos, Iisalmi (RESUL).<\/li>\n<li class=\"x_elementToProof\" data-ogsc=\"rgb(0, 0, 0)\">16-17.05. Hagellus (jotos)<\/li>\n<li class=\"x_elementToProof\" data-ogsc=\"rgb(0, 0, 0)\">22-24.05. SERE jatkokurssi 1, Mikkeli (MPK).<\/li>\n<li class=\"x_elementToProof\" data-ogsc=\"rgb(0, 0, 0)\">22-24.05. tiedustelun erityistilanteet (TIEDE3), Mikkeli (MPK).<\/li>\n<li class=\"x_elementToProof\" data-ogsc=\"rgb(0, 0, 0)\">05-07.06. Er\u00e4messut, Riihim\u00e4ki.<\/li>\n<li class=\"x_elementToProof\" data-ogsc=\"rgb(0, 0, 0)\">05-07.06. tiedustelupartiotaitokurssi, S\u00e4kyl\u00e4 (MPK).<\/li>\n<li class=\"x_elementToProof\" data-ogsc=\"rgb(0, 0, 0)\">01-30.09. maaottelumarssi.<\/li>\n<li class=\"x_elementToProof\" data-ogsc=\"rgb(0, 0, 0)\">syyskuu ?? PAHKIS tiedustelujotos<\/li>\n<li class=\"x_elementToProof\" data-ogsc=\"rgb(0, 0, 0)\">17-20.09. Er\u00e4vaelluksen SM, J\u00e4mi.<\/li>\n<li class=\"x_elementToProof\" data-ogsc=\"rgb(0, 0, 0)\">19.09. MPK:n johtamisseminaari verkossa.<\/li>\n<li data-ogsc=\"rgb(0, 0, 0)\">10.10. Moottorijotos, Laukaa (RESUL).<\/li>\n<\/ul>\n<p>&nbsp;<\/p>\n<div class=\"PlainText elementToProof ContentPasted1\">\n<p>Kannattaa etsi\u00e4 sopivia kursseja ja koulutuksia MPK:n kurssitarjonnasta www.mpk.fi .<\/p>\n<\/div>\n<p>Osastovastaavien yhteystiedot <a href=\"https:\/\/www.tres.fi\/?page_id=182\">Hallitus<\/a>-sivulla.<\/p>\n","protected":false},"excerpt":{"rendered":"<p>Liikunta ja raitis ilma pit\u00e4v\u00e4t ruumiin ja hengen virkein\u00e4 ja vahvoina. Luonnossa liikkumisen ja selvi\u00e4misen taidot ovat peruskansalaistaitoja sek\u00e4 olennaisia sotilaallisia taitoja. Tampereen Reservil\u00e4isten Maasto-osasto vastaa maastossa tapahtuvasta toiminnasta ja on mukana j\u00e4rjest\u00e4m\u00e4ss\u00e4 erilaisia kursseja ja tapahtumia. Esimerkiksi: Luonnossa liikkuminen<\/p>\n","protected":false},"author":1,"featured_media":0,"parent":155,"menu_order":0,"comment_status":"closed","ping_status":"closed","template":"","meta":{"footnotes":""},"class_list":["post-166","page","type-page","status-publish","hentry"],"_links":{"self":[{"href":"https:\/\/www.tres.fi\/index.php?rest_route=\/wp\/v2\/pages\/166","targetHints":{"allow":["GET"]}}],"collection":[{"href":"https:\/\/www.tres.fi\/index.php?rest_route=\/wp\/v2\/pages"}],"about":[{"href":"https:\/\/www.tres.fi\/index.php?rest_route=\/wp\/v2\/types\/page"}],"author":[{"embeddable":true,"href":"https:\/\/www.tres.fi\/index.php?rest_route=\/wp\/v2\/users\/1"}],"replies":[{"embeddable":true,"href":"https:\/\/www.tres.fi\/index.php?rest_route=%2Fwp%2Fv2%2Fcomments&post=166"}],"version-history":[{"count":25,"href":"https:\/\/www.tres.fi\/index.php?rest_route=\/wp\/v2\/pages\/166\/revisions"}],"predecessor-version":[{"id":2248,"href":"https:\/\/www.tres.fi\/index.php?rest_route=\/wp\/v2\/pages\/166\/revisions\/2248"}],"up":[{"embeddable":true,"href":"https:\/\/www.tres.fi\/index.php?rest_route=\/wp\/v2\/pages\/155"}],"wp:attachment":[{"href":"https:\/\/www.tres.fi\/index.php?rest_route=%2Fwp%2Fv2%2Fmedia&parent=166"}],"curies":[{"name":"wp","href":"https:\/\/api.w.org\/{rel}","templated":true}]}}