{"id":157,"date":"2017-08-08T18:38:16","date_gmt":"2017-08-08T16:38:16","guid":{"rendered":"https:\/\/www.tres.fi\/?page_id=157"},"modified":"2026-03-09T04:28:09","modified_gmt":"2026-03-09T02:28:09","slug":"ampumaosasto","status":"publish","type":"page","link":"https:\/\/www.tres.fi\/?page_id=157","title":{"rendered":"Ampumaosasto"},"content":{"rendered":"<h4>TERVETULOA TRES:n AMPUMAOSASTON SIVUILLE!<\/h4>\n<p>Ammunta on luonnollisesti t\u00e4rke\u00e4 osa reservil\u00e4istoimintaa, onhan reservil\u00e4isen siin\u00e4 miss\u00e4 sotilaankin perustaito osata ampua aseella tarkasti ja pit\u00e4\u00e4 aseensa toimintakunnossa.<\/p>\n<p>Tutustu <a href=\"https:\/\/docs.google.com\/presentation\/d\/1-yWfbEJV0ACoZwRpAgS9HAYNOljd09LW_ity9IJs9ko\/\" target=\"_blank\" rel=\"noopener\">ampumaharrastusta aloittavalle koottuun tietopakettiin<\/a>. Mik\u00e4li kaipaat lis\u00e4tietoja, etk\u00e4 l\u00f6yd\u00e4 vastausta kysymykseesi t\u00e4m\u00e4n sivun materiaaleista, voit olla yhteydess\u00e4 ampumaosastoon osoitteella <strong>tres.ampumaosasto (\u00e4t) gmail.com <\/strong>tai Juha Moijaseen (0500 625 246 \/ juha.moijanen (\u00e4t) gmail.com.<\/p>\n<p>Ammunta tapahtuu ampumaradoilla valvotuissa olosuhteissa ja m\u00e4\u00e4r\u00e4tyill\u00e4 vuoroilla. Rata-alueena k\u00e4yt\u00e4mme Puolustusvoimien omistamaa Satakunnan lennoston ampumarataa, jonka k\u00e4ytt\u00f6\u00e4 hallinnoi Tampereen Seudun Ampumaratayhdistys <a href=\"https:\/\/www.tasera.fi\/\" target=\"_blank\" rel=\"noopener\">TASERA<\/a>. Lis\u00e4ksi k\u00e4yt\u00f6ss\u00e4mme on ratavuoroja Osmonkallion v\u00e4est\u00f6nsuojassa sek\u00e4 Nokian Seudun Ampujien ilma-aseradalla.<\/p>\n<p>Yhdistyksell\u00e4mme on ampuma-asekalustoa, jota j\u00e4senet voivat lainata k\u00e4ytt\u00f6maksua vastaan yhdistyksen asevastaavilta. Tavoitat asevastaavat lainojen tiedustelemiseksi osoitteesta <strong>tres.asevastaavat (\u00e4t) gmail.com<\/strong>.<\/p>\n<p>Ammunta on kaikille sopiva laji, joka kehitt\u00e4\u00e4 koko kehon motoriikkaa ja keskittymiskyky\u00e4. Ammunnan kautta tutustuu luonnollisesti my\u00f6s uusiin ihmisiin ja erityisesti harjoitusten leppoisasta tunnelmasta on helppo nauttia. Kansallisia ja kansainv\u00e4lisi\u00e4 kilpailuja tietysti j\u00e4rjestet\u00e4\u00e4n &#8211; niiss\u00e4 sitten mitataan taitoja tosimielell\u00e4. Yhdistyksemme johdettuihin ampumaharjoituksiin ja kilpailuihin ilmoittaudutaan useimmiten <a href=\"https:\/\/shootnscoreit.com\/\" target=\"_blank\" rel=\"noopener\">Shoot&#8217;n score it (SSI)<\/a> -palvelun kautta. <a href=\"https:\/\/docs.google.com\/presentation\/d\/1cI2V_TT02gsDtm2ZJjSx66X9XddP_zh3i01ubFvlMok\/\" target=\"_blank\" rel=\"noopener\">Lue t\u00e4st\u00e4 ohjeet palvelun k\u00e4ytt\u00f6\u00f6nottoon TRES j\u00e4senen\u00e4<\/a>.<\/p>\n<p>Yhdistyksemme ampuma-asekouluttajat kirjoittavat aselupien hankintaan ja uusintaan tarvittavia harrastuneisuustodistuksia. Osastovastaavien yhteystiedot l\u00f6yd\u00e4t <a href=\"https:\/\/www.tres.fi\/?page_id=182\" target=\"_blank\" rel=\"noopener noreferrer\">Hallitus<\/a>-sivulta. Tampereen Reservil\u00e4isten j\u00e4senille todistukset toimitetaan veloituksetta. Tietyt aseluvat edellytt\u00e4v\u00e4t ampumaseuran j\u00e4senyyden osoittamista riitt\u00e4v\u00e4n pitk\u00e4lt\u00e4 ajalta. Yhdistyksemme j\u00e4senet voivat tilata j\u00e4senyystodistuksen yhdistyksen toimistolta.<\/p>\n<p>Ampumakilpailuissa menestyneet j\u00e4senemme voivat my\u00f6s hakea Ampumaosastolta tukea tulevan kauden kilpailumaksuihinsa. Huomioithan, ett\u00e4 hakemus tulee j\u00e4tt\u00e4\u00e4 vuosittain <strong>ennen ampumaosaston kev\u00e4tkokousta<\/strong>. Tarkemmat ohjeet ja ehdot l\u00f6yd\u00e4t hakemuslomakkeelta.\u00a0<strong>Hakemukset kaudelle 2026: <\/strong><a href=\"https:\/\/docs.google.com\/forms\/d\/e\/1FAIpQLScs5Za-r_s2UQyrDYSptKSFKT1cpo_FeV1v4UxTu_R9CFjyxw\/viewform\" target=\"_blank\" rel=\"noopener\">hakemuslomake<\/a>.<\/p>\n<h4>Ampumaosaston tapahtumakalenteri:<\/h4>\n<p><iframe loading=\"lazy\" style=\"border: 0;\" src=\"https:\/\/calendar.google.com\/calendar\/embed?src=tres.ampumaosasto%40gmail.com&amp;ctz=Europe%2FHelsinki\" width=\"800\" height=\"600\" frameborder=\"0\" scrolling=\"no\"><\/iframe><\/p>\n<p><strong><span style=\"color: #ff0000;\">[UUTTA 9.3.2026!]<\/span> TRES RA-Cup 2025:\u00a0<a href=\"https:\/\/www.tres.fi\/wp-content\/uploads\/2026\/03\/RA-cup_pistooli_2025-09-04_lopputulokset.pdf\" target=\"_blank\" rel=\"noopener\">lopputulokset<\/a> <\/strong>ja <strong><a href=\"https:\/\/www.tres.fi\/wp-content\/uploads\/2026\/03\/RA-cup_pistooli_2025_osatulokset.pdf\" target=\"_blank\" rel=\"noopener\">kisakohtaiset tulokset<\/a> <\/strong>(p\u00e4ivitetty <strong>9.3.2026<\/strong>)<\/p>\n<p><strong>TRES RA-Cup 2024: <a href=\"https:\/\/www.tres.fi\/wp-content\/uploads\/2024\/09\/RA-cup_pistooli_2024-09-04_lopputulokset.pdf\" target=\"_blank\" rel=\"noopener\">lopputulokset<\/a><\/strong> ja <a href=\"https:\/\/www.tres.fi\/wp-content\/uploads\/2024\/09\/RA-cup_pistooli_2024_osatulokset.pdf\" target=\"_blank\" rel=\"noopener\"><strong>kisakohtaiset tulokset<\/strong><\/a> (p\u00e4ivitetty <strong>15.9.2024<\/strong>)<strong>.<\/strong><\/p>\n<p><strong>TRES RA-Cup 2023:\u00a0<a href=\"https:\/\/www.tres.fi\/wp-content\/uploads\/2023\/09\/RA-cup_pistooli_2023_lopputulokset.pdf\" target=\"_blank\" rel=\"noopener\">lopputulokset<\/a><\/strong>. Palkintosijoille ylt\u00e4neet tulokset kustakin osakilpailusta sek\u00e4 TRES mestaruuskisasta <strong><a href=\"https:\/\/www.tres.fi\/wp-content\/uploads\/2023\/09\/RA-cup_pistooli_2023_osatulokset.pdf\" target=\"_blank\" rel=\"noopener\">t\u00e4ss\u00e4<\/a><\/strong> (p\u00e4ivitetty <strong>12.9.2023<\/strong>).<\/p>\n<p>TRES:n j\u00e4rjest\u00e4m\u00e4 Pirkanmaan Reservipiirien Kev\u00e4tammunnat 11.5.2023 <a href=\"https:\/\/www.tres.fi\/wp-content\/uploads\/2023\/05\/Kevatammunnat-2023-05-11.pdf\" target=\"_blank\" rel=\"noopener\">tulokset n\u00e4et t\u00e4st\u00e4<\/a>.<\/p>\n<p><strong>TRES RA-Cup 2022 <a href=\"https:\/\/www.tres.fi\/wp-content\/uploads\/2022\/09\/RA-cup_pistooli_2022-09-07_lopputulokset.pdf\" target=\"_blank\" rel=\"noopener\">lopputulokset n\u00e4et t\u00e4st\u00e4<\/a><\/strong> (p\u00e4ivitetty viimeksi 16.9.2022).<\/p>\n<p><span style=\"color: #000000;\">Katso reservipiirien tiedotteet kilpailuista t\u00e4\u00e4lt\u00e4: <a href=\"https:\/\/pirkanviesti.fi\/toiminta\/ammunta\/\" target=\"_blank\" rel=\"noopener\">https:\/\/pirkanviesti.fi\/toiminta\/ammunta\/<\/a><\/span><\/p>\n<h3>TRES ampumaratavuorot<\/h3>\n<h6><strong>Satakunnan lennoston radat<\/strong><\/h6>\n<p><strong>Seuraa TASERAn sivuja ja ohjeita osoitteessa <a href=\"https:\/\/www.tasera.fi\/\" target=\"_blank\" rel=\"noopener noreferrer\">www.tasera.fi<\/a>, sek\u00e4 TASERAn\u00a0<a href=\"https:\/\/www.tasera.fi\/ratavuorot\" target=\"_blank\" rel=\"noopener noreferrer\">ratavuorokalenteria<\/a> ja ajantasaista ratavuoroj\u00e4rjestelm\u00e4\u00e4 <a href=\"https:\/\/tss.tasera.fi\/\" target=\"_blank\" rel=\"noopener noreferrer\">tss.tasera.fi<\/a>. <\/strong><\/p>\n<p>TASERAlla on 19.12.2023 alkaen koek\u00e4yt\u00f6ss\u00e4 my\u00f6s <strong>WhatsApp-tiedotuskanava<\/strong>, jota seuraamalla voit saada tietoa pikaisista muutoksista (mm. viranomaisvarausten aiheuttamat \u00e4killiset ampumavuorojen peruutukset). Jos sinulla on WhatsApp k\u00e4yt\u00f6ss\u00e4, voit liitty\u00e4 kanavan seuraajaksi <strong><a href=\"https:\/\/whatsapp.com\/channel\/0029VaGkaF0IXnlmeOpnjM43\" target=\"_blank\" rel=\"noopener\">t\u00e4st\u00e4 linkist\u00e4<\/a><\/strong>.<\/p>\n<h6><span style=\"color: #000000;\"><strong>Lennoston radan s\u00e4\u00e4nt\u00f6ihin ja k\u00e4yt\u00e4nt\u00f6ihin on tullut muutoksia 1.3.2020!<\/strong><\/span><\/h6>\n<p><span style=\"color: #000000;\">Kaikilta ratavalvojilta edellytet\u00e4\u00e4n puolustusvoimien my\u00f6nt\u00e4m\u00e4\u00e4, henkil\u00f6kohtaista valvojakorttia. 1.3.2020 alkaen my\u00f6s kaikilta radan k\u00e4ytt\u00e4jilt\u00e4 vaaditaan puolustusvoimien my\u00f6nt\u00e4m\u00e4 ratak\u00e4ytt\u00e4j\u00e4n kortti. Ratavuorojen hallinta siirtyi Tampereen Seudun Ampumaratayhdistyksen (TASERA) vastuulle 1.1.2020 alkaen. TRES:n j\u00e4senten korttitilaukset tapahtuvat Juha Moijasen kautta (yhteystiedot yll\u00e4).<\/span><\/p>\n<p>Puolustusvoimilla on oikeus tarvittaessa ilman erillist\u00e4 ilmoitusta varata rata-alue omaan k\u00e4ytt\u00f6\u00f6ns\u00e4. TASERA ilmoittaa n\u00e4m\u00e4 poikkeusajat aina kun mahdollista em. ratavuoroj\u00e4rjestelm\u00e4ss\u00e4.<\/p>\n<p><a href=\"https:\/\/www.reservilaisliitto.fi\/jasenille\/toimintaturva\/\" target=\"_blank\" rel=\"noopener noreferrer\">Ampumaharrastusvakuutus<\/a> on hyv\u00e4ksytysti suoritetun SRA-kurssin lis\u00e4ksi edellytys SRA-vuoroille <strong>ja nykyisin kaikille TASERAn ampumavuoroille osallistumiselle<\/strong>. Vakuutus on toki hyv\u00e4 olla voimassa lajista ja radasta riippumatta.\u00a0Lis\u00e4tietoja Sovelletusta Reservil\u00e4isammunnasta (SRA), jota vet\u00e4\u00e4 Pirkanmaan Reservipiirit: <a href=\"https:\/\/resul.fi\/sra-ammunnat\/\" target=\"_blank\" rel=\"noopener noreferrer\">SRA &#8211; ResUL<\/a> ja\u00a0<a href=\"http:\/\/pirkanviesti.fi\/sra-toiminta\/\" target=\"_blank\" rel=\"noopener noreferrer\">Pirkanmaan RES-piirien SRA<\/a>.<\/p>\n<h6><\/h6>\n<h6><strong>Talvivuorot 1.10.2025 \u2013 30.4.2026<\/strong><\/h6>\n<p><strong>Osmonkallion ampumarata<\/strong>, Ainonkatu 2, Tampere, v\u00e4est\u00f6nsuojan sis\u00e4\u00e4nk\u00e4ynti.<\/p>\n<div class=\"o9v6fnle cxmmr5t8 oygrvhab hcukyx3x c1et5uql ii04i59q\">\n<div dir=\"auto\">\n<p>Ratavuorot:<\/p>\n<\/div>\n<ul>\n<li dir=\"auto\"><strong>Torstaisin klo 17-20 <\/strong>\n<ul>\n<li dir=\"auto\">25 m: .22 LR pistooli (p\u00e4\u00e4paino laina-aseilla)<\/li>\n<li dir=\"auto\">50 m: kiv\u00e4\u00e4ri ja pistooli kaliiperirajoitusten sallimissa rajoissa (9 mm laina-aseita ei saatavilla)<\/li>\n<\/ul>\n<\/li>\n<li dir=\"auto\"><strong>Lauantaisin klo 16-19<\/strong>\n<ul>\n<li dir=\"auto\">50 m: kiv\u00e4\u00e4ri ja pistooli kaliiperirajoitusten sallimissa rajoissa<\/li>\n<\/ul>\n<\/li>\n<\/ul>\n<\/div>\n<div class=\"o9v6fnle cxmmr5t8 oygrvhab hcukyx3x c1et5uql ii04i59q\"><\/div>\n<div class=\"o9v6fnle cxmmr5t8 oygrvhab hcukyx3x c1et5uql ii04i59q\">\n<div dir=\"auto\">T\u00e4ll\u00e4 hetkell\u00e4 sallitut kaliiperit ovat pistooleilla .22 LR &#8211; 9mm, kiv\u00e4\u00e4reill\u00e4 vain .22 LR. Uusi ratalupa on k\u00e4sittelyss\u00e4.<\/div>\n<div dir=\"auto\"><\/div>\n<div dir=\"auto\">Osmonkallion ratavuoroille on oma WhatsApp -tiedotuskanavansa, jonne voit pyyt\u00e4\u00e4\u00a0 kutsulinkin ratavuoron valvojalta tai ampumaosaston s\u00e4hk\u00f6postista.<\/div>\n<div dir=\"auto\"><\/div>\n<div dir=\"auto\">Niill\u00e4 vuoroilla, joille yhdistyksen asevastaavat p\u00e4\u00e4sev\u00e4t osallistumaan, j\u00e4senill\u00e4 on mahdollisuus hankkia ampumakokemusta my\u00f6s yhdistyksen laina-aseilla korvausta vastaan (korttimaksu). Aselainat varataan yll\u00e4 mainitun <a href=\"https:\/\/shootnscoreit.com\/\" target=\"_blank\" rel=\"noopener\">Shoot&#8217;n score it (SSI)<\/a> -palvelun kautta.<\/div>\n<\/div>\n<p>&nbsp;<\/p>\n<p><strong>Nokian ilma-aserata<\/strong>, Pirkkalaistie 3, Nokia.<\/p>\n<p>Tiistaisin klo 17-20 (varmimmin klo 18-20). Ks. <a href=\"https:\/\/nosa.fi\/sisarata\/\" target=\"_blank\" rel=\"noopener\">lis\u00e4tiedot radasta<\/a>.<\/p>\n<p>Saapuessa ilmoittatuminen vuoron valvojalle ja nimen kirjaus res.piirin vihkoon. Mahdollisuus laina-aseisiin. Voi k\u00e4ytt\u00e4\u00e4 omia patruunoita tai ostaa patruunat paikan p\u00e4\u00e4lt\u00e4.<\/p>\n<h3>Aiemmat tapahtumat:<\/h3>\n<p><a href=\"https:\/\/www.tres.fi\/?page_id=1429\" target=\"_blank\" rel=\"noopener noreferrer\">TAPAHTUMAKALENTERI 2021<\/a><\/p>\n<p><a href=\"https:\/\/www.tres.fi\/?page_id=1197\" target=\"_blank\" rel=\"noopener noreferrer\">TAPAHTUMAKALENTERI 2020<\/a><\/p>\n<p><a href=\"https:\/\/www.tres.fi\/?page_id=1024\" target=\"_blank\" rel=\"noopener noreferrer\">TAPAHTUMAKALENTERI 2019<\/a><\/p>\n<p><a href=\"https:\/\/www.tres.fi\/?page_id=1020\" target=\"_blank\" rel=\"noopener noreferrer\">TAPAHTUMAKALENTERI 2018<\/a><\/p>\n<h6><\/h6>\n","protected":false},"excerpt":{"rendered":"<p>TERVETULOA TRES:n AMPUMAOSASTON SIVUILLE! Ammunta on luonnollisesti t\u00e4rke\u00e4 osa reservil\u00e4istoimintaa, onhan reservil\u00e4isen siin\u00e4 miss\u00e4 sotilaankin perustaito osata ampua aseella tarkasti ja pit\u00e4\u00e4 aseensa toimintakunnossa. Tutustu ampumaharrastusta aloittavalle koottuun tietopakettiin. Mik\u00e4li kaipaat lis\u00e4tietoja, etk\u00e4 l\u00f6yd\u00e4 vastausta kysymykseesi t\u00e4m\u00e4n sivun materiaaleista, voit<\/p>\n","protected":false},"author":1,"featured_media":0,"parent":155,"menu_order":0,"comment_status":"closed","ping_status":"closed","template":"","meta":{"footnotes":""},"class_list":["post-157","page","type-page","status-publish","hentry"],"_links":{"self":[{"href":"https:\/\/www.tres.fi\/index.php?rest_route=\/wp\/v2\/pages\/157","targetHints":{"allow":["GET"]}}],"collection":[{"href":"https:\/\/www.tres.fi\/index.php?rest_route=\/wp\/v2\/pages"}],"about":[{"href":"https:\/\/www.tres.fi\/index.php?rest_route=\/wp\/v2\/types\/page"}],"author":[{"embeddable":true,"href":"https:\/\/www.tres.fi\/index.php?rest_route=\/wp\/v2\/users\/1"}],"replies":[{"embeddable":true,"href":"https:\/\/www.tres.fi\/index.php?rest_route=%2Fwp%2Fv2%2Fcomments&post=157"}],"version-history":[{"count":112,"href":"https:\/\/www.tres.fi\/index.php?rest_route=\/wp\/v2\/pages\/157\/revisions"}],"predecessor-version":[{"id":2289,"href":"https:\/\/www.tres.fi\/index.php?rest_route=\/wp\/v2\/pages\/157\/revisions\/2289"}],"up":[{"embeddable":true,"href":"https:\/\/www.tres.fi\/index.php?rest_route=\/wp\/v2\/pages\/155"}],"wp:attachment":[{"href":"https:\/\/www.tres.fi\/index.php?rest_route=%2Fwp%2Fv2%2Fmedia&parent=157"}],"curies":[{"name":"wp","href":"https:\/\/api.w.org\/{rel}","templated":true}]}}