{"id":150,"date":"2017-08-08T18:30:36","date_gmt":"2017-08-08T16:30:36","guid":{"rendered":"https:\/\/www.tres.fi\/?page_id=150"},"modified":"2024-01-11T19:29:11","modified_gmt":"2024-01-11T17:29:11","slug":"maja","status":"publish","type":"page","link":"https:\/\/www.tres.fi\/?page_id=150","title":{"rendered":"Maja"},"content":{"rendered":"<p><strong>Sillanp\u00e4\u00e4-maja<\/strong> sijaitsee Kangasalan Suinulassa <strong>Matalaj\u00e4rven rannalla<\/strong>, 30 km Tampereen keskustorilta. Sillanp\u00e4\u00e4-maja on entinen mets\u00e4k\u00e4mpp\u00e4, joka on valmistunut noin vuonna 1947. Maja on ostettu TRES:lle 30.12.1993 ja kunnostettu talkoilla. Majalla on 7720 m2 maa-alue. Majalla on perusl\u00e4mp\u00f6 l\u00e4pi vuoden (ilmal\u00e4mp\u00f6pumppu).<\/p>\n<p>TRES:n j\u00e4senet voivat varata Sillanp\u00e4\u00e4-majaa yksityistilaisuuksiin ja omaan k\u00e4ytt\u00f6\u00f6n. <strong>K\u00e4ytt\u00f6maksu j\u00e4senelle on 90 euroa\/vuorokausi<\/strong> (alkaen klo 12.00 &#8211; seuraavaan p\u00e4iv\u00e4\u00e4n klo 12.00). TRES:n j\u00e4senmaksu t\u00e4ytyy olla maksettuna varatessa majaa. <strong>Perushintaan (90 \u20ac\/vrk)<\/strong> sis\u00e4ltyy majan k\u00e4ytt\u00f6maksu enint\u00e4\u00e4n <strong>10 k\u00e4ytt\u00e4j\u00e4lle<\/strong>. Lis\u00e4vieraista perit\u00e4\u00e4n 5 \u20ac\/hl\u00f6\/vrk. K\u00e4ytt\u00f6maksu avainpantteineen (50 \u20ac) maksetaan yhdistyksen tilille ennen avainten luovuttamista. Avainpantti sis\u00e4ltyy pankkisiirtoon ja maksetaan takaisin avainten palautuksen j\u00e4lkeen. Jos maja on varaushetkell\u00e4 vapaana k\u00e4ytt\u00f6ajan p\u00e4\u00e4ttymisen klo 12.00 j\u00e4lkeen, voi 40 \u20ac lis\u00e4maksusta jatkaa sopimusta vuorokauden vaihtumiseen asti. Jos varaus perutaan 14-8 vrk ennen sovittua aikaa, perit\u00e4\u00e4n puolet k\u00e4ytt\u00f6maksusta. Jos varaus perutaan 7-0 vrk ennen sovittua aikaa, perit\u00e4\u00e4n koko k\u00e4ytt\u00f6maksu.<\/p>\n<p>K\u00e4ytt\u00e4j\u00e4 vastaa tilojen siivouksesta ja astioiden tiskaamisesta. K\u00e4yt\u00f6n yhteydess\u00e4 syntyneet j\u00e4tteet tulee vied\u00e4 Haukij\u00e4rventien varrella sijaitseviin j\u00e4teastioihin. K\u00e4ytt\u00e4j\u00e4n laiminly\u00f6dess\u00e4 siivouksen perit\u00e4\u00e4n siit\u00e4 50 \u20ac\/tunti + matkakulut.<\/p>\n<p>Majalla on tilaa enint\u00e4\u00e4n 60 henkil\u00f6lle. Majalla ovat k\u00e4ytett\u00e4viss\u00e4 majan avoinna olevat tilat, ulkok\u00e4ym\u00e4l\u00e4t, sauna sek\u00e4 polttopuut ja s\u00e4hk\u00f6. Majan keitti\u00f6ss\u00e4 on j\u00e4\u00e4kaappi, kahvinkeitin, vedenkeitin, mikroaaltouuni ja s\u00e4hk\u00f6liesi. Astioita on noin 60 henkil\u00f6lle, mutta aterimet (haarukat, veitset, lusikat) t\u00e4ytyy tuoda mukana. Majalla ei ole kaivoa, joten juoma-\/ruokavesi pit\u00e4\u00e4 tuoda tullessa. Saunassa k\u00e4ytet\u00e4\u00e4n j\u00e4rvivett\u00e4. Avotulen teko on sallittua vain grillimajassa, mets\u00e4palovaroituksen ulkopuolella my\u00f6s grillipaikalla.<\/p>\n<p>Majalla on rajallinen m\u00e4\u00e4r\u00e4 perustarvikkeita ja jokainen k\u00e4ytt\u00e4j\u00e4 ei v\u00e4ltt\u00e4m\u00e4tt\u00e4 aina muista ottaa kaikkea tarvittavaa mukaan vieraillessaan majalla. Yhdistys kiitt\u00e4\u00e4 ja kumartaa, jos varaaja lahjoittaa mukanaan tuomat yli j\u00e4\u00e4neet kertak\u00e4ytt\u00f6astiat, wc-paperit, jne. majan k\u00e4ytt\u00f6\u00f6n.<\/p>\n<p>Lis\u00e4tietoja voi tiedustella toimistolta.<\/p>\n<p><a href=\"https:\/\/www.tres.fi\/wp-content\/uploads\/2018\/09\/Maja2.jpg\"><img loading=\"lazy\" decoding=\"async\" class=\"alignnone size-large wp-image-649\" src=\"https:\/\/www.tres.fi\/wp-content\/uploads\/2018\/09\/Maja2-1024x669.jpg\" alt=\"\" width=\"750\" height=\"490\" srcset=\"https:\/\/www.tres.fi\/wp-content\/uploads\/2018\/09\/Maja2-1024x669.jpg 1024w, https:\/\/www.tres.fi\/wp-content\/uploads\/2018\/09\/Maja2-300x196.jpg 300w, https:\/\/www.tres.fi\/wp-content\/uploads\/2018\/09\/Maja2-768x502.jpg 768w, https:\/\/www.tres.fi\/wp-content\/uploads\/2018\/09\/Maja2.jpg 1200w\" sizes=\"auto, (max-width: 750px) 100vw, 750px\" \/><\/a><\/p>\n<p><strong>Ajo-ohje majalle<\/strong><\/p>\n<p>Tampereelta l\u00e4hdet\u00e4\u00e4n kohti Orivett\u00e4. Ruutanan Shell\u00b4ilt\u00e4 matkaa n. 10,7 km ja k\u00e4\u00e4nn\u00f6s vasemmalle Matalaj\u00e4rven tielle. T\u00e4t\u00e4 tiet\u00e4\u00a0 jatketaan n. 2,5 km, jolloin tie muuttuu Paalij\u00e4rventieksi. T\u00e4t\u00e4 tiet\u00e4 viel\u00e4 n 1 km ja Sillanp\u00e4\u00e4h\u00e4n k\u00e4\u00e4nnyt\u00e4\u00e4n oikealle. Maja l\u00f6ytyy rannasta. Majalle k\u00e4\u00e4ntymistienhaara saattaa olla hieman huomaamaton, mutta osoite on Paalij\u00e4rventie 723. Jos tien vieress\u00e4 alkaa n\u00e4ky\u00e4 pienempi\u00e4 numeroita, on syyt\u00e4 k\u00e4\u00e4nty\u00e4 takaisin.<\/p>\n","protected":false},"excerpt":{"rendered":"<p>Sillanp\u00e4\u00e4-maja sijaitsee Kangasalan Suinulassa Matalaj\u00e4rven rannalla, 30 km Tampereen keskustorilta. Sillanp\u00e4\u00e4-maja on entinen mets\u00e4k\u00e4mpp\u00e4, joka on valmistunut noin vuonna 1947. Maja on ostettu TRES:lle 30.12.1993 ja kunnostettu talkoilla. Majalla on 7720 m2 maa-alue. Majalla on perusl\u00e4mp\u00f6 l\u00e4pi vuoden (ilmal\u00e4mp\u00f6pumppu). TRES:n<\/p>\n","protected":false},"author":1,"featured_media":0,"parent":0,"menu_order":0,"comment_status":"closed","ping_status":"closed","template":"","meta":{"footnotes":""},"class_list":["post-150","page","type-page","status-publish","hentry"],"_links":{"self":[{"href":"https:\/\/www.tres.fi\/index.php?rest_route=\/wp\/v2\/pages\/150","targetHints":{"allow":["GET"]}}],"collection":[{"href":"https:\/\/www.tres.fi\/index.php?rest_route=\/wp\/v2\/pages"}],"about":[{"href":"https:\/\/www.tres.fi\/index.php?rest_route=\/wp\/v2\/types\/page"}],"author":[{"embeddable":true,"href":"https:\/\/www.tres.fi\/index.php?rest_route=\/wp\/v2\/users\/1"}],"replies":[{"embeddable":true,"href":"https:\/\/www.tres.fi\/index.php?rest_route=%2Fwp%2Fv2%2Fcomments&post=150"}],"version-history":[{"count":17,"href":"https:\/\/www.tres.fi\/index.php?rest_route=\/wp\/v2\/pages\/150\/revisions"}],"predecessor-version":[{"id":1862,"href":"https:\/\/www.tres.fi\/index.php?rest_route=\/wp\/v2\/pages\/150\/revisions\/1862"}],"wp:attachment":[{"href":"https:\/\/www.tres.fi\/index.php?rest_route=%2Fwp%2Fv2%2Fmedia&parent=150"}],"curies":[{"name":"wp","href":"https:\/\/api.w.org\/{rel}","templated":true}]}}