{"id":1024,"date":"2020-03-10T23:13:49","date_gmt":"2020-03-10T21:13:49","guid":{"rendered":"https:\/\/www.tres.fi\/?page_id=1024"},"modified":"2021-05-13T14:53:55","modified_gmt":"2021-05-13T12:53:55","slug":"ampumaosasto-tapahtumakalenteri-2019","status":"publish","type":"page","link":"https:\/\/www.tres.fi\/?page_id=1024","title":{"rendered":"Tapahtumakalenteri 2019"},"content":{"rendered":"\n<table id=\"tablepress-1\" class=\"tablepress tablepress-id-1\">\n<thead>\n<tr class=\"row-1\">\n\t<th class=\"column-1\">Aika ja paikka<\/th><th class=\"column-2\">Tapahtuma<\/th><th class=\"column-3\">Kuvaus<\/th><th class=\"column-4\">Ilmoittautuminen<\/th><th class=\"column-5\">Tulokset<\/th>\n<\/tr>\n<\/thead>\n<tbody class=\"row-striping row-hover\">\n<tr class=\"row-2\">\n\t<td class=\"column-1\">16.4.2019,<br \/>\nPeltokatu<\/td><td class=\"column-2\">TRES-TamRU ilmakisa<\/td><td class=\"column-3\">-<\/td><td class=\"column-4\">-<\/td><td class=\"column-5\">-<\/td>\n<\/tr>\n<tr class=\"row-3\">\n\t<td class=\"column-1\">11.5.2019<br \/>\nklo 12,<br \/>\nAitovuori<\/td><td class=\"column-2\">Pirkanmaa - Varsinais-Suomi -\"maaottelu\"<\/td><td class=\"column-3\">Pienoispistooli (30+30 ls), Tampere-Turku -ottelu. Samassa yhteydess\u00e4 P-HA:n ja TSA:n v\u00e4linen kisa.<\/td><td class=\"column-4\">7.5. menness\u00e4 juha.moijanen \u00e4t pp.inet.fi<\/td><td class=\"column-5\"><a target=\"_blank\" href=\"https:\/\/www.tres.fi\/wp-content\/uploads\/2019\/05\/Pirkanmaa-Varsinais-Suomi_pienoispistooli_maaottelu_2019-05-11.pdf\">tulokset<\/a><\/td>\n<\/tr>\n<tr class=\"row-4\">\n\t<td class=\"column-1\">14.5.2019<br \/>\nklo 17,<br \/>\nLennosto<\/td><td class=\"column-2\">Tutustumisammunnat pistoolilla<\/td><td class=\"column-3\">ks. <a target=\"_blank\" href=\"https:\/\/www.tres.fi\/?p=787\">t\u00e4\u00e4lt\u00e4<\/a><\/td><td class=\"column-4\">viimeist\u00e4\u00e4n to 9.5.2019 s\u00e4hk\u00f6postilla: arto.teittinen(a)yhkodit.fi<\/td><td class=\"column-5\">-<\/td>\n<\/tr>\n<tr class=\"row-5\">\n\t<td class=\"column-1\">15.5.2019<br \/>\nklo 17,<br \/>\nLennosto<\/td><td class=\"column-2\">Tutustumisammunnat kiv\u00e4\u00e4rill\u00e4<\/td><td class=\"column-3\">ks. <a target=\"_blank\" href=\"https:\/\/www.tres.fi\/?p=787\">t\u00e4\u00e4lt\u00e4<\/a><\/td><td class=\"column-4\">viimeist\u00e4\u00e4n to 9.5.2019 s\u00e4hk\u00f6postilla: arto.teittinen(a)yhkodit.fi<\/td><td class=\"column-5\">-<\/td>\n<\/tr>\n<tr class=\"row-6\">\n\t<td class=\"column-1\">20.5.2019<br \/>\nklo 18,<br \/>\nAitovuori<\/td><td class=\"column-2\">Kev\u00e4tammunnat<\/td><td class=\"column-3\">Reservipiirien pienoispistoolikisa, jossa ammutaan 30+30 ls yhdistelm\u00e4: pienoispistoolin pikaosuus ja pikapistooli.<\/td><td class=\"column-4\">-<\/td><td class=\"column-5\"><a target=\"_blank\" href=\"https:\/\/www.tres.fi\/wp-content\/uploads\/2019\/05\/Kevatammunnat_2019-05-20.pdf\">tulokset<\/a><\/td>\n<\/tr>\n<tr class=\"row-7\">\n\t<td class=\"column-1\">MA 27.5.2019 klo 18, Lennosto<\/td><td class=\"column-2\">Reservipiirien RA-Cup, osakilpailu 1\/5<\/td><td class=\"column-3\">RA 3 ja RA 4 palveluspistoolilajien cupin ensimm\u00e4inen osakilpailu<\/td><td class=\"column-4\">ei ilmoittautumista, avoin Pirkanmaan reservipiirien j\u00e4senille<\/td><td class=\"column-5\"><a target=\"_blank\" href=\"https:\/\/www.tres.fi\/wp-content\/uploads\/2019\/05\/RA-cup_pistooli_2019_tulokset_2019-05-27.pdf\">tulokset<\/a><\/td>\n<\/tr>\n<tr class=\"row-8\">\n\t<td class=\"column-1\">MA 17.6.2019 klo 18, Lennosto<\/td><td class=\"column-2\">Reservipiirien RA-Cup, osakilpailu 2\/5<\/td><td class=\"column-3\">RA 3 ja RA 4 palveluspistoolilajien cupin toinen osakilpailu<\/td><td class=\"column-4\">ei ilmoittautumista, avoin Pirkanmaan reservipiirien j\u00e4senille<\/td><td class=\"column-5\"><a target=\"_blank\" href=\"https:\/\/www.tres.fi\/wp-content\/uploads\/2019\/06\/RA-cup_pistooli_2019_tulokset_2019-06-17.pdf\">tulokset<\/a><\/td>\n<\/tr>\n<tr class=\"row-9\">\n\t<td class=\"column-1\">MA 8.7.2019 klo 18, Lennosto<\/td><td class=\"column-2\">Reservipiirien RA-Cup, osakilpailu 3\/5<\/td><td class=\"column-3\">RA 3 ja RA 4 palveluspistoolilajien cupin kolmas osakilpailu<\/td><td class=\"column-4\">ei ilmoittautumista, avoin Pirkanmaan reservipiirien j\u00e4senille<\/td><td class=\"column-5\"><a target=\"_blank\" href=\"https:\/\/www.tres.fi\/wp-content\/uploads\/2019\/07\/RA-cup_pistooli_2019_tulokset_2019-07-08_korjattu.pdf\">tulokset<\/a><\/td>\n<\/tr>\n<tr class=\"row-10\">\n\t<td class=\"column-1\">LA 3.8.2019 klo 9:00 alkaen, Nokia<\/td><td class=\"column-2\">Reservipiirien JA samalla my\u00f6s TRESin pistoolimestaruus 2019<\/td><td class=\"column-3\">Isopistooli klo 9, pienoispistooli klo 11 ja pikapistooli klo 14.<br>NoSA:n pistooliradalla (Turku valtatien nro 12 varrella osoitteessa Turuntie 939)<\/td><td class=\"column-4\">Ilmoittautumiset yhdistyksitt\u00e4in. TRESin j\u00e4senten ilmoittautumiset Juha Moijaselle 25.7. menness\u00e4: (juha.moijanen \u00e4t pp.inet.fi) nimi , sot.arvo, sarja, yhdistys ja lajit joihin osallistut.<\/td><td class=\"column-5\"><a target=\"_blank\" href=\"https:\/\/www.tres.fi\/wp-content\/uploads\/2019\/09\/TRES_pistooli_mestaruus_2019.pdf\">tulokset (TRES mestaruus)<\/a><br>(ks. res.piirien tulokset Pirkan Viestin sivuilta)<\/td>\n<\/tr>\n<tr class=\"row-11\">\n\t<td class=\"column-1\">MA 19.8.2019 klo 18, Lennosto<\/td><td class=\"column-2\">Reservipiirien RA-Cup, osakilpailu 4\/5<\/td><td class=\"column-3\">RA 3 ja RA 4 palveluspistoolilajien cupin nelj\u00e4s osakilpailu<\/td><td class=\"column-4\">ei ilmoittautumista, avoin Pirkanmaan reservipiirien j\u00e4senille<\/td><td class=\"column-5\"><a target=\"_blank\" href=\"https:\/\/www.tres.fi\/wp-content\/uploads\/2019\/08\/RA-cup_pistooli_2019_tulokset_2019-08-19.pdf\">tulokset<\/a><\/td>\n<\/tr>\n<tr class=\"row-12\">\n\t<td class=\"column-1\">MA 9.9.2019 klo 18, Lennosto<\/td><td class=\"column-2\">Reservipiirien RA-Cup, osakilpailu 5\/5 ja TRES mestaruuskilpailu<\/td><td class=\"column-3\">RA 3 ja RA 4 palveluspistoolilajien cupin viimeinen osakilpailu ja samalla TRES mestaruuskisa<\/td><td class=\"column-4\">ei ilmoittautumista, avoin Pirkanmaan reservipiirien j\u00e4senille<\/td><td class=\"column-5\"><a target=\"_blank\" href=\"https:\/\/www.tres.fi\/wp-content\/uploads\/2019\/09\/RA-cup_pistooli_2019_tulokset_2019-09-09.pdf\">RA-Cup lopputulokset<\/a><br><br \/>\n<a target=\"_blank\" href=\"https:\/\/www.tres.fi\/wp-content\/uploads\/2019\/09\/TRES_RA-pistooli_mestaruus_2019-09-09.pdf\">TRES palveluspistoolimestaruus tulokset<\/a><br><br \/>\n<\/td>\n<\/tr>\n<tr class=\"row-13\">\n\t<td class=\"column-1\">LA 30.11.2019 klo 12:00, Kupittaa<\/td><td class=\"column-2\">Varsinais-Suomen reservipiirit vs. Pirkanmaan reservipiirit, ilmapistooli<\/td><td class=\"column-3\">40ls kilpailu<\/td><td class=\"column-4\">Kyytien sopimiseksi ilmoittautumiset mahdollisimman pian osoitteeseen juha.moijanen \u00e4t pp.inet.fi<\/td><td class=\"column-5\"><\/td>\n<\/tr>\n<\/tbody>\n<\/table>\n<!-- #tablepress-1 from cache -->\n","protected":false},"excerpt":{"rendered":"","protected":false},"author":3,"featured_media":0,"parent":157,"menu_order":2,"comment_status":"closed","ping_status":"closed","template":"","meta":{"footnotes":""},"class_list":["post-1024","page","type-page","status-publish","hentry"],"_links":{"self":[{"href":"https:\/\/www.tres.fi\/index.php?rest_route=\/wp\/v2\/pages\/1024","targetHints":{"allow":["GET"]}}],"collection":[{"href":"https:\/\/www.tres.fi\/index.php?rest_route=\/wp\/v2\/pages"}],"about":[{"href":"https:\/\/www.tres.fi\/index.php?rest_route=\/wp\/v2\/types\/page"}],"author":[{"embeddable":true,"href":"https:\/\/www.tres.fi\/index.php?rest_route=\/wp\/v2\/users\/3"}],"replies":[{"embeddable":true,"href":"https:\/\/www.tres.fi\/index.php?rest_route=%2Fwp%2Fv2%2Fcomments&post=1024"}],"version-history":[{"count":2,"href":"https:\/\/www.tres.fi\/index.php?rest_route=\/wp\/v2\/pages\/1024\/revisions"}],"predecessor-version":[{"id":1027,"href":"https:\/\/www.tres.fi\/index.php?rest_route=\/wp\/v2\/pages\/1024\/revisions\/1027"}],"up":[{"embeddable":true,"href":"https:\/\/www.tres.fi\/index.php?rest_route=\/wp\/v2\/pages\/157"}],"wp:attachment":[{"href":"https:\/\/www.tres.fi\/index.php?rest_route=%2Fwp%2Fv2%2Fmedia&parent=1024"}],"curies":[{"name":"wp","href":"https:\/\/api.w.org\/{rel}","templated":true}]}}