{"id":1020,"date":"2020-03-10T23:05:29","date_gmt":"2020-03-10T21:05:29","guid":{"rendered":"https:\/\/www.tres.fi\/?page_id=1020"},"modified":"2021-05-13T14:54:22","modified_gmt":"2021-05-13T12:54:22","slug":"ampumaosasto-tapahtumakalenteri-2018","status":"publish","type":"page","link":"https:\/\/www.tres.fi\/?page_id=1020","title":{"rendered":"Tapahtumakalenteri 2018"},"content":{"rendered":"<h5>Vuoden 2018 t\u00e4rkeimm\u00e4t ampumatapahtumat tuloksineen:<\/h5>\n<ul>\n<li>Tamru-Tres ilmakisa \/ TRES-mestari PMK ti <strong>17.4. <\/strong>klo 17 ammutaan non stop<\/li>\n<li>Reservil\u00e4isammunta <strong>28.4.<\/strong> Sastamala. Ilm. <strong>21.4.<\/strong> misal@jippii.fi<\/li>\n<li>Varsinais-Suomi-Pirkanmaa (maaottelu) <strong>12.5.<\/strong>\u00a0Aitovuori.<\/li>\n<li><strong>HUOM. muuttunut ajankohta: <\/strong>Pistooli kev\u00e4tammunnat ma <span style=\"color: #ff0000;\"><strong>14.5.<\/strong><\/span> klo 18 <strong>Aitovuori<\/strong>.\n<ul>\n<li>6&#215;10 pikaa, ~10s (s\u00e4hk\u00f6katkon vuoksi ei ollut k\u00e4\u00e4ntyvi\u00e4 tauluja)<\/li>\n<li>TULOKSET:\u00a0<a href=\"https:\/\/www.tres.fi\/wp-content\/uploads\/2018\/05\/Kevatammunnat_2018-05-14.pdf\" target=\"_blank\" rel=\"noopener noreferrer\">Kev\u00e4tammunnat 14.5.2018<\/a><\/li>\n<\/ul>\n<\/li>\n<li>Pienoispistoolin alkeiskurssi aloitteleville ma\u00a0<strong>21.5. <\/strong>klo 18\u00a0Aitovuori\n<ul>\n<li>Ilmoittautumiset <strong>10.5.<\/strong> menness\u00e4 juha.moijanen@pp.inet.fi<\/li>\n<\/ul>\n<\/li>\n<li>Reservil\u00e4isammunnat PA-cup SatLsto (ks. ammuntojen lajis\u00e4\u00e4nn\u00f6t\u00a0<a href=\"https:\/\/resul.fi\/\" target=\"_blank\" rel=\"noopener noreferrer\">https:\/\/resul.fi\/<\/a>)\n<ul>\n<li>Pistooli tiistaisin klo 18 <span style=\"color: #ff0000;\"><strong>22<\/strong><\/span><strong><span style=\"color: #ff0000;\">.5.<\/span>, 19.6., 17.7., 14.8., 11.9.<\/strong> Kolme parasta suoritusta lasketaan\n<ul>\n<li>LOPPUTULOKSET:\u00a0<a href=\"https:\/\/www.tres.fi\/wp-content\/uploads\/2018\/09\/PA-cup_pistooli_2018_tulokset_2018-09-11.pdf\" target=\"_blank\" rel=\"noopener noreferrer\">PA-cup_pistooli_2018_tulokset_2018-09-11<\/a><\/li>\n<\/ul>\n<\/li>\n<li>Mestaruus 11.9.2018 (RA3 &amp; RA4):\u00a0<a href=\"https:\/\/www.tres.fi\/wp-content\/uploads\/2018\/09\/Palveluspistooli_mestaruus_2018_tulokset_2018-09-11.pdf\" target=\"_blank\" rel=\"noopener noreferrer\">Palveluspistooli_mestaruus_2018_tulokset_2018-09-11<\/a><\/li>\n<li>Kiv\u00e4\u00e4ri keskiviikkoisin klo 18 <strong>23.5.<\/strong> ja <strong>27.6.<\/strong> Paras suoritus ratkaisee\n<ul>\n<li>TULOKSET:\u00a0<a href=\"https:\/\/www.tres.fi\/wp-content\/uploads\/2018\/05\/PA-cup_kiva\u0308a\u0308rikisa_2018-05-23.pdf\" target=\"_blank\" rel=\"noopener noreferrer\">PA-cup Kiva\u0308a\u0308rikisa 23.5.2018<\/a><\/li>\n<li>TULOKSET: <a href=\"https:\/\/www.tres.fi\/wp-content\/uploads\/2018\/06\/PA-cup_tulokset27.6.2018.pdf\">PA-cup Kiv\u00e4\u00e4rikisa 27.6.2018<\/a><\/li>\n<\/ul>\n<\/li>\n<\/ul>\n<\/li>\n<li>SRA-ampujakurssi la <strong>19.5.<\/strong> (ks. <a href=\"https:\/\/www.tres.fi\/?p=535\" target=\"_blank\" rel=\"noopener noreferrer\">https:\/\/www.tres.fi\/?p=535<\/a>)<\/li>\n<li>Pistooli piirimestaruus <strong>9.6. <span style=\"color: #ff0000;\">klo 9<\/span><\/strong> Aitovuori\n<ul>\n<li>TULOKSET:\u00a0<a href=\"https:\/\/www.tres.fi\/wp-content\/uploads\/2018\/06\/pistooli_piirimestaruus_2018-06-09.pdf\" target=\"_blank\" rel=\"noopener noreferrer\">Reservil\u00e4ispiirien pistoolimestaruuskilpailut 9.6.2018<\/a><\/li>\n<\/ul>\n<\/li>\n<li>Tres pistoolimestaruus Aitovuoressa maanantaisin klo 18:\n<ul>\n<li>pikapistooli\u00a0<strong>6.8.<\/strong>\n<ul>\n<li>TULOKSET:\u00a0<a href=\"https:\/\/www.tres.fi\/wp-content\/uploads\/2018\/08\/TRES_pikapistooli_mestaruus_2018-08-06.pdf\" target=\"_blank\" rel=\"noopener noreferrer\">TRES_pikapistooli_mestaruus_2018-08-06<\/a><\/li>\n<\/ul>\n<\/li>\n<li>pienoispistooli (25m pistooli)\u00a0<strong>13.8.<\/strong>\n<ul>\n<li>TULOKSET:\u00a0<a href=\"https:\/\/www.tres.fi\/wp-content\/uploads\/2018\/08\/TRES_25m_pistooli_mestaruus_2018-08-13.pdf\" target=\"_blank\" rel=\"noopener noreferrer\">TRES_25m_pistooli_mestaruus_2018-08-13<\/a><\/li>\n<\/ul>\n<\/li>\n<li>isopistooli\u00a0<strong>20.8.<\/strong>\n<ul>\n<li>TULOKSET:\u00a0<a href=\"https:\/\/www.tres.fi\/wp-content\/uploads\/2018\/08\/TRES_isopistooli_mestaruus_2018-08-20.pdf\" target=\"_blank\" rel=\"noopener noreferrer\">TRES_isopistooli_mestaruus_2018-08-20<\/a><\/li>\n<\/ul>\n<\/li>\n<\/ul>\n<\/li>\n<li>Tres pienoiskiv\u00e4\u00e4rimestaruus <strong>3.9.<\/strong>\u00a0 klo 17.30\u00a0Aitovuoressa ilm. juha.moijanen@pp.inet.fi<\/li>\n<li>Tutustumisammunnat aseettomille (piiri j\u00e4rjest\u00e4\u00e4)\n<ul>\n<li>Pistooli ma\u00a0<strong>7.5.\u00a0<\/strong>klo 17 ja Kiv\u00e4\u00e4ri ke <strong>9.5. <\/strong>klo 17. Ilmoittautumiset viimeist\u00e4\u00e4n pe\u00a0<strong>4.5.\u00a0<\/strong>arto.teittinen \u00e4t yhkodit.fi (ks. lis\u00e4tiedot j\u00e4senille 24.4. l\u00e4hetetyst\u00e4 s\u00e4hk\u00f6postitiedotteesta)<\/li>\n<\/ul>\n<\/li>\n<li>Varsinais-Suomi vs. Pirkanmaa ilmapistooli &#8221;maaottelu&#8221; Kupittaalla 24.11. klo 12:00\n<ul>\n<li>Kisassa kaikki ampuvat 40 ls<\/li>\n<li>Ilmoittaudu mukaan kisaan ja sovi kimppakyydeist\u00e4\u00a0<strong>18.11. menness\u00e4\u00a0<\/strong>juha.moijanen (\u00e4t) pp.inet.<wbr \/>fi<\/li>\n<\/ul>\n<\/li>\n<\/ul>\n","protected":false},"excerpt":{"rendered":"<p>Vuoden 2018 t\u00e4rkeimm\u00e4t ampumatapahtumat tuloksineen: Tamru-Tres ilmakisa \/ TRES-mestari PMK ti 17.4. klo 17 ammutaan non stop Reservil\u00e4isammunta 28.4. Sastamala. Ilm. 21.4. misal@jippii.fi Varsinais-Suomi-Pirkanmaa (maaottelu) 12.5.\u00a0Aitovuori. HUOM. muuttunut ajankohta: Pistooli kev\u00e4tammunnat ma 14.5. klo 18 Aitovuori. 6&#215;10 pikaa, ~10s (s\u00e4hk\u00f6katkon<\/p>\n","protected":false},"author":3,"featured_media":0,"parent":157,"menu_order":3,"comment_status":"closed","ping_status":"closed","template":"","meta":{"footnotes":""},"class_list":["post-1020","page","type-page","status-publish","hentry"],"_links":{"self":[{"href":"https:\/\/www.tres.fi\/index.php?rest_route=\/wp\/v2\/pages\/1020","targetHints":{"allow":["GET"]}}],"collection":[{"href":"https:\/\/www.tres.fi\/index.php?rest_route=\/wp\/v2\/pages"}],"about":[{"href":"https:\/\/www.tres.fi\/index.php?rest_route=\/wp\/v2\/types\/page"}],"author":[{"embeddable":true,"href":"https:\/\/www.tres.fi\/index.php?rest_route=\/wp\/v2\/users\/3"}],"replies":[{"embeddable":true,"href":"https:\/\/www.tres.fi\/index.php?rest_route=%2Fwp%2Fv2%2Fcomments&post=1020"}],"version-history":[{"count":2,"href":"https:\/\/www.tres.fi\/index.php?rest_route=\/wp\/v2\/pages\/1020\/revisions"}],"predecessor-version":[{"id":1029,"href":"https:\/\/www.tres.fi\/index.php?rest_route=\/wp\/v2\/pages\/1020\/revisions\/1029"}],"up":[{"embeddable":true,"href":"https:\/\/www.tres.fi\/index.php?rest_route=\/wp\/v2\/pages\/157"}],"wp:attachment":[{"href":"https:\/\/www.tres.fi\/index.php?rest_route=%2Fwp%2Fv2%2Fmedia&parent=1020"}],"curies":[{"name":"wp","href":"https:\/\/api.w.org\/{rel}","templated":true}]}}